{"id":1179,"date":"2024-10-15T11:04:59","date_gmt":"2024-10-15T09:04:59","guid":{"rendered":"https:\/\/geba.nl\/?page_id=1179"},"modified":"2024-12-16T12:59:49","modified_gmt":"2024-12-16T11:59:49","slug":"partner","status":"publish","type":"page","link":"https:\/\/www.geba.nl\/de\/e-build\/partners\/","title":{"rendered":"Partner"},"content":{"rendered":"\t\t<div data-elementor-type=\"wp-page\" data-elementor-id=\"1179\" class=\"elementor elementor-1179\" data-elementor-post-type=\"page\">\n\t\t\t\t<div class=\"elementor-element elementor-element-6395291 e-flex e-con-boxed e-con e-parent\" data-id=\"6395291\" data-element_type=\"container\" data-e-type=\"container\" data-settings=\"{&quot;background_background&quot;:&quot;classic&quot;}\">\n\t\t\t\t\t<div class=\"e-con-inner\">\n\t\t<div class=\"elementor-element elementor-element-d96cab8 e-con-full e-flex e-con e-child\" data-id=\"d96cab8\" data-element_type=\"container\" data-e-type=\"container\">\n\t\t\t\t<div class=\"elementor-element elementor-element-c9a270e elementor-widget elementor-widget-heading\" data-id=\"c9a270e\" data-element_type=\"widget\" data-e-type=\"widget\" data-widget_type=\"heading.default\">\n\t\t\t\t<div class=\"elementor-widget-container\">\n\t\t\t\t\t<h1 class=\"elementor-heading-title elementor-size-default\">Partners en samenwerkingen<\/h1>\t\t\t\t<\/div>\n\t\t\t\t<\/div>\n\t\t\t\t<div class=\"elementor-element elementor-element-1adcb61 elementor-widget elementor-widget-text-editor\" data-id=\"1adcb61\" data-element_type=\"widget\" data-e-type=\"widget\" data-widget_type=\"text-editor.default\">\n\t\t\t\t<div class=\"elementor-widget-container\">\n\t\t\t\t\t\t\t\t\t<p class=\"p1\"><span class=\"TextRun SCXW159536207 BCX0\" lang=\"NL-NL\" xml:lang=\"NL-NL\" data-contrast=\"auto\"><span class=\"NormalTextRun SCXW159536207 BCX0\">Bij <\/span><span class=\"NormalTextRun SCXW159536207 BCX0\" style=\"\">GEBA<\/span><span class=\"NormalTextRun SCXW159536207 BCX0\">&nbsp;werken we samen met toonaangevende partners om innovatieve en duurzame oplossingen te bieden voor de infrasector. Onze samenwerkingen helpen ons om vooruitstrevende technologie\u00ebn te ontwikkelen die voldoen aan de hoogste eisen van wegenbouwers, aannemers en overheden.<\/span><\/span><span class=\"EOP SCXW159536207 BCX0\" data-ccp-props=\"{}\">&nbsp;<\/span><\/p>\t\t\t\t\t\t\t\t<\/div>\n\t\t\t\t<\/div>\n\t\t\t\t<\/div>\n\t\t<div class=\"elementor-element elementor-element-70ada14 e-con-full e-flex e-con e-child\" data-id=\"70ada14\" data-element_type=\"container\" data-e-type=\"container\">\n\t\t\t\t<div class=\"elementor-element elementor-element-32a1e0b elementor-widget elementor-widget-button\" data-id=\"32a1e0b\" data-element_type=\"widget\" data-e-type=\"widget\" data-widget_type=\"button.default\">\n\t\t\t\t<div class=\"elementor-widget-container\">\n\t\t\t\t\t\t\t\t\t<div class=\"elementor-button-wrapper\">\n\t\t\t\t\t<a class=\"elementor-button elementor-button-link elementor-size-sm\" href=\"#contact\">\n\t\t\t\t\t\t<span class=\"elementor-button-content-wrapper\">\n\t\t\t\t\t\t\t\t\t<span class=\"elementor-button-text\">Ik heb advies nodig<\/span>\n\t\t\t\t\t<\/span>\n\t\t\t\t\t<\/a>\n\t\t\t\t<\/div>\n\t\t\t\t\t\t\t\t<\/div>\n\t\t\t\t<\/div>\n\t\t\t\t<\/div>\n\t\t\t\t\t<\/div>\n\t\t\t\t<\/div>\n\t\t<div class=\"elementor-element elementor-element-92f372c e-flex e-con-boxed e-con e-parent\" data-id=\"92f372c\" data-element_type=\"container\" data-e-type=\"container\">\n\t\t\t\t\t<div class=\"e-con-inner\">\n\t\t<div class=\"elementor-element elementor-element-37f806c e-con-full e-flex e-con e-child\" data-id=\"37f806c\" data-element_type=\"container\" data-e-type=\"container\" data-settings=\"{&quot;background_background&quot;:&quot;classic&quot;}\">\n\t\t\t\t<\/div>\n\t\t\t\t\t<\/div>\n\t\t\t\t<\/div>\n\t\t<div class=\"elementor-element elementor-element-b5c610e e-flex e-con-boxed e-con e-parent\" data-id=\"b5c610e\" data-element_type=\"container\" data-e-type=\"container\">\n\t\t\t\t\t<div class=\"e-con-inner\">\n\t\t<div class=\"elementor-element elementor-element-230e44c e-con-full e-flex e-con e-child\" data-id=\"230e44c\" data-element_type=\"container\" data-e-type=\"container\">\n\t\t<div class=\"elementor-element elementor-element-585c059 e-con-full e-flex e-con e-child\" data-id=\"585c059\" data-element_type=\"container\" data-e-type=\"container\">\n\t\t\t\t<div class=\"elementor-element elementor-element-092af57 elementor-widget elementor-widget-text-editor\" data-id=\"092af57\" data-element_type=\"widget\" data-e-type=\"widget\" data-widget_type=\"text-editor.default\">\n\t\t\t\t<div class=\"elementor-widget-container\">\n\t\t\t\t\t\t\t\t\t<h2><span data-contrast=\"auto\">Exclusieve samenwerking met BOMAG<\/span><span data-ccp-props=\"{}\">\u00a0<\/span><\/h2><p><span data-contrast=\"auto\">We zijn trots op onze exclusieve samenwerking met\u00a0<a href=\"https:\/\/www.bomag.com\/ww-en\/\" target=\"_blank\" rel=\"noopener\">BOMAG<\/a>, een wereldleider in de bouwmachine-industrie. Samen werken we aan de elektrificatie van BOMAG-walsen. Dit resulteert in hoogwaardige, \u201czero-emissie\u201d machines. Deze samenwerking waarborgt dat klanten kunnen rekenen op de bekende BOMAG-kwaliteit, gecombineerd met de vooruitstrevende elektrificatie-oplossingen van GEBA.<\/span>\u00a0<\/p><h2><span data-contrast=\"auto\">Partnership met VDL<\/span><span data-ccp-props=\"{}\">\u00a0<\/span><\/h2><p><span data-contrast=\"auto\">We werken nauw samen met\u00a0<a href=\"https:\/\/www.vdlgroep.com\/nl\" target=\"_blank\" rel=\"noopener\">VDL<\/a>, een familiebedrijf met sterke reputatie in de maakindustrie en high-tech sector. VDL ondersteunt ons in de ontwikkeling en productie van geavanceerde elektrische componenten. Dit helpt ons de betrouwbaarheid en prestaties van onze ge\u00eblektrificeerde machines verder te optimaliseren. Deze samenwerking stelt ons in staat om innovatieve, op maat gemaakte oplossingen te bieden voor de infra- en bouwsector.<\/span><span data-ccp-props=\"{}\">\u00a0<\/span><span data-ccp-props=\"{}\">\u00a0<\/span><\/p><h2><span data-contrast=\"auto\">Vertrouwen en Innovatie<\/span><span data-ccp-props=\"{}\">\u00a0<\/span><\/h2><p><span data-contrast=\"auto\">Bij GEBA staan onze partnerschappen garant voor kwaliteit, innovatie en duurzaamheid. Samen met onze partners, zoals BOMAG en VDL, werken we aan oplossingen die zowel toekomstbestendig zijn, als ook direct bijdragen aan een duurzamere infrastructuur. <\/span><span data-contrast=\"auto\">U kunt vertrouwen op de kracht van deze samenwerkingen om uw projecten effici\u00ebnter, milieuvriendelijker en betrouwbaarder te maken.<\/span><span data-ccp-props=\"{}\">\u00a0<\/span><\/p>\t\t\t\t\t\t\t\t<\/div>\n\t\t\t\t<\/div>\n\t\t\t\t<\/div>\n\t\t<div class=\"elementor-element elementor-element-9d28545 e-con-full sticky-form-wrapper e-flex e-con e-child\" data-id=\"9d28545\" data-element_type=\"container\" data-e-type=\"container\" id=\"contact\" data-settings=\"{&quot;sticky_on&quot;:[&quot;desktop&quot;,&quot;laptop&quot;,&quot;tablet_extra&quot;],&quot;sticky_offset&quot;:150,&quot;sticky_parent&quot;:&quot;yes&quot;,&quot;sticky&quot;:&quot;top&quot;,&quot;sticky_effects_offset&quot;:0,&quot;sticky_anchor_link_offset&quot;:0}\">\n\t\t\t\t<div class=\"elementor-element elementor-element-ff7f1fb elementor-widget elementor-widget-template\" data-id=\"ff7f1fb\" data-element_type=\"widget\" data-e-type=\"widget\" data-widget_type=\"template.default\">\n\t\t\t\t<div class=\"elementor-widget-container\">\n\t\t\t\t\t\t\t<div class=\"elementor-template\">\n\t\t\t\t\t<div data-elementor-type=\"container\" data-elementor-id=\"1115\" class=\"elementor elementor-1115\" data-elementor-post-type=\"elementor_library\">\n\t\t\t\t<div class=\"elementor-element elementor-element-20c6bb9 e-flex e-con-boxed e-con e-parent\" data-id=\"20c6bb9\" data-element_type=\"container\" data-e-type=\"container\">\n\t\t\t\t\t<div class=\"e-con-inner\">\n\t\t\t\t<div class=\"elementor-element elementor-element-7bf2974 elementor-widget elementor-widget-heading\" data-id=\"7bf2974\" data-element_type=\"widget\" data-e-type=\"widget\" data-widget_type=\"heading.default\">\n\t\t\t\t<div class=\"elementor-widget-container\">\n\t\t\t\t\t<h3 class=\"elementor-heading-title elementor-size-default\">Contact met onze medewerkers?<\/h3>\t\t\t\t<\/div>\n\t\t\t\t<\/div>\n\t\t\t\t<div class=\"elementor-element elementor-element-1a19f30 elementor-widget elementor-widget-text-editor\" data-id=\"1a19f30\" data-element_type=\"widget\" data-e-type=\"widget\" data-widget_type=\"text-editor.default\">\n\t\t\t\t<div class=\"elementor-widget-container\">\n\t\t\t\t\t\t\t\t\t<p class=\"p1\"><span class=\"s1\">Heeft u behoefte aan meer informatie? Bel naar onderstaand nummer of stuur een mail. Onze collega&#8217;s helpen u graag.<\/span><\/p>\t\t\t\t\t\t\t\t<\/div>\n\t\t\t\t<\/div>\n\t\t\t\t<div class=\"elementor-element elementor-element-83abec7 elementor-widget elementor-widget-html\" data-id=\"83abec7\" data-element_type=\"widget\" data-e-type=\"widget\" data-widget_type=\"html.default\">\n\t\t\t\t<div class=\"elementor-widget-container\">\n\t\t\t\t\tT <a style=\"color: #4db16f;\" href=\"tel:+31246963220\">+31 (0)24 696 32 20<\/a><br \/>\nE <a style=\"color: #4db16f;\" href=\"mailto:verhuur@geba.nl\">verhuur@geba.nl<\/a><br \/><br \/>\t\t\t\t<\/div>\n\t\t\t\t<\/div>\n\t\t\t\t<div class=\"elementor-element elementor-element-a313298 elementor-widget elementor-widget-text-editor\" data-id=\"a313298\" data-element_type=\"widget\" data-e-type=\"widget\" data-widget_type=\"text-editor.default\">\n\t\t\t\t<div class=\"elementor-widget-container\">\n\t\t\t\t\t\t\t\t\t<h4>Klantenservice<\/h4><p class=\"p1\">Voor ondersteuning en vragen kunt u ons 24\/7 bereiken via ons klantenservicenummer.<\/p>\t\t\t\t\t\t\t\t<\/div>\n\t\t\t\t<\/div>\n\t\t\t\t\t<\/div>\n\t\t\t\t<\/div>\n\t\t\t\t<\/div>\n\t\t\t\t<\/div>\n\t\t\t\t\t\t<\/div>\n\t\t\t\t<\/div>\n\t\t\t\t<\/div>\n\t\t\t\t<\/div>\n\t\t\t\t\t<\/div>\n\t\t\t\t<\/div>\n\t\t<div class=\"elementor-element elementor-element-1e08aaf e-flex e-con-boxed e-con e-parent\" data-id=\"1e08aaf\" data-element_type=\"container\" data-e-type=\"container\" data-settings=\"{&quot;background_background&quot;:&quot;classic&quot;}\">\n\t\t\t\t\t<div class=\"e-con-inner\">\n\t\t\t\t<div class=\"elementor-element elementor-element-3f716f7 elementor-widget elementor-widget-heading\" data-id=\"3f716f7\" data-element_type=\"widget\" data-e-type=\"widget\" data-widget_type=\"heading.default\">\n\t\t\t\t<div class=\"elementor-widget-container\">\n\t\t\t\t\t<h2 class=\"elementor-heading-title elementor-size-default\">Meer E-build<\/h2>\t\t\t\t<\/div>\n\t\t\t\t<\/div>\n\t\t\t\t<div class=\"elementor-element elementor-element-024df44 elementor-widget elementor-widget-text-editor\" data-id=\"024df44\" data-element_type=\"widget\" data-e-type=\"widget\" data-widget_type=\"text-editor.default\">\n\t\t\t\t<div class=\"elementor-widget-container\">\n\t\t\t\t\t\t\t\t\t<p>GEBA is voorloper in het verhuren en elektrificeren van zwaar bouwmaterieel om zo emissievrije machines voor de infra- en bouwsector te realiseren. <br \/>Meer weten over onze visie en hoe we dat doen? Lees meer over ons baanbrekende <a href=\"https:\/\/www.geba.nl\/e-build\/\">E-build<\/a> concept.<\/p>\t\t\t\t\t\t\t\t<\/div>\n\t\t\t\t<\/div>\n\t\t<div class=\"elementor-element elementor-element-e420b1b e-con-full e-flex e-con e-child\" data-id=\"e420b1b\" data-element_type=\"container\" data-e-type=\"container\">\n\t\t\t\t<div class=\"elementor-element elementor-element-4d130b5 elementor-widget elementor-widget-button\" data-id=\"4d130b5\" data-element_type=\"widget\" data-e-type=\"widget\" data-widget_type=\"button.default\">\n\t\t\t\t<div class=\"elementor-widget-container\">\n\t\t\t\t\t\t\t\t\t<div class=\"elementor-button-wrapper\">\n\t\t\t\t\t<a class=\"elementor-button elementor-button-link elementor-size-sm\" href=\"\/e-build\/ontwikkelingen\/\">\n\t\t\t\t\t\t<span class=\"elementor-button-content-wrapper\">\n\t\t\t\t\t\t\t\t\t<span class=\"elementor-button-text\">Ontwikkelingen<\/span>\n\t\t\t\t\t<\/span>\n\t\t\t\t\t<\/a>\n\t\t\t\t<\/div>\n\t\t\t\t\t\t\t\t<\/div>\n\t\t\t\t<\/div>\n\t\t\t\t<div class=\"elementor-element elementor-element-3c769d2 elementor-widget elementor-widget-button\" data-id=\"3c769d2\" data-element_type=\"widget\" data-e-type=\"widget\" data-widget_type=\"button.default\">\n\t\t\t\t<div class=\"elementor-widget-container\">\n\t\t\t\t\t\t\t\t\t<div class=\"elementor-button-wrapper\">\n\t\t\t\t\t<a class=\"elementor-button elementor-button-link elementor-size-sm\" href=\"\/e-build\/waarom-we-het-doen\/\">\n\t\t\t\t\t\t<span class=\"elementor-button-content-wrapper\">\n\t\t\t\t\t\t\t\t\t<span class=\"elementor-button-text\">Waarom we het doen<\/span>\n\t\t\t\t\t<\/span>\n\t\t\t\t\t<\/a>\n\t\t\t\t<\/div>\n\t\t\t\t\t\t\t\t<\/div>\n\t\t\t\t<\/div>\n\t\t\t\t<div class=\"elementor-element elementor-element-807943e elementor-widget elementor-widget-button\" data-id=\"807943e\" data-element_type=\"widget\" data-e-type=\"widget\" data-widget_type=\"button.default\">\n\t\t\t\t<div class=\"elementor-widget-container\">\n\t\t\t\t\t\t\t\t\t<div class=\"elementor-button-wrapper\">\n\t\t\t\t\t<a class=\"elementor-button elementor-button-link elementor-size-sm\" href=\"\/e-build\/hoe-we-het-doen\/\">\n\t\t\t\t\t\t<span class=\"elementor-button-content-wrapper\">\n\t\t\t\t\t\t\t\t\t<span class=\"elementor-button-text\">Hoe we het doen<\/span>\n\t\t\t\t\t<\/span>\n\t\t\t\t\t<\/a>\n\t\t\t\t<\/div>\n\t\t\t\t\t\t\t\t<\/div>\n\t\t\t\t<\/div>\n\t\t\t\t<div class=\"elementor-element elementor-element-2b858d2 elementor-widget elementor-widget-button\" data-id=\"2b858d2\" data-element_type=\"widget\" data-e-type=\"widget\" data-widget_type=\"button.default\">\n\t\t\t\t<div class=\"elementor-widget-container\">\n\t\t\t\t\t\t\t\t\t<div class=\"elementor-button-wrapper\">\n\t\t\t\t\t<a class=\"elementor-button elementor-button-link elementor-size-sm\" href=\"\/e-build\/partners\/\">\n\t\t\t\t\t\t<span class=\"elementor-button-content-wrapper\">\n\t\t\t\t\t\t\t\t\t<span class=\"elementor-button-text\">Partners<\/span>\n\t\t\t\t\t<\/span>\n\t\t\t\t\t<\/a>\n\t\t\t\t<\/div>\n\t\t\t\t\t\t\t\t<\/div>\n\t\t\t\t<\/div>\n\t\t\t\t<div class=\"elementor-element elementor-element-a414c41 elementor-widget elementor-widget-button\" data-id=\"a414c41\" data-element_type=\"widget\" data-e-type=\"widget\" data-widget_type=\"button.default\">\n\t\t\t\t<div class=\"elementor-widget-container\">\n\t\t\t\t\t\t\t\t\t<div class=\"elementor-button-wrapper\">\n\t\t\t\t\t<a class=\"elementor-button elementor-button-link elementor-size-sm\" href=\"\/e-build\/keurmerken-certificaten\/\">\n\t\t\t\t\t\t<span class=\"elementor-button-content-wrapper\">\n\t\t\t\t\t\t\t\t\t<span class=\"elementor-button-text\">Keurmerken &amp; certificaten<\/span>\n\t\t\t\t\t<\/span>\n\t\t\t\t\t<\/a>\n\t\t\t\t<\/div>\n\t\t\t\t\t\t\t\t<\/div>\n\t\t\t\t<\/div>\n\t\t\t\t<div class=\"elementor-element elementor-element-fd04b0e elementor-widget elementor-widget-button\" data-id=\"fd04b0e\" data-element_type=\"widget\" data-e-type=\"widget\" data-widget_type=\"button.default\">\n\t\t\t\t<div class=\"elementor-widget-container\">\n\t\t\t\t\t\t\t\t\t<div class=\"elementor-button-wrapper\">\n\t\t\t\t\t<a class=\"elementor-button elementor-button-link elementor-size-sm\" href=\"\/e-build\/subsidies\/\">\n\t\t\t\t\t\t<span class=\"elementor-button-content-wrapper\">\n\t\t\t\t\t\t\t\t\t<span class=\"elementor-button-text\">Subsidies (RVO)<\/span>\n\t\t\t\t\t<\/span>\n\t\t\t\t\t<\/a>\n\t\t\t\t<\/div>\n\t\t\t\t\t\t\t\t<\/div>\n\t\t\t\t<\/div>\n\t\t\t\t<\/div>\n\t\t\t\t\t<\/div>\n\t\t\t\t<\/div>\n\t\t\t\t<\/div>\n\t\t","protected":false},"excerpt":{"rendered":"<p>Partners en samenwerkingen Bij GEBA\u00c2\u00a0werken we samen met toonaangevende partners om innovatieve en duurzame oplossingen te bieden voor de infrasector. Onze samenwerkingen helpen ons om vooruitstrevende technologie\u00ebn te ontwikkelen die voldoen aan de hoogste eisen van wegenbouwers, aannemers en overheden. Ik heb advies nodig Exclusieve samenwerking met BOMAG We zijn trots op onze exclusieve samenwerking [&hellip;]<\/p>\n","protected":false},"author":1,"featured_media":3434,"parent":1173,"menu_order":0,"comment_status":"closed","ping_status":"closed","template":"elementor_theme","meta":{"inline_featured_image":false,"footnotes":""},"class_list":["post-1179","page","type-page","status-publish","has-post-thumbnail","hentry"],"yoast_head":"<!-- This site is optimized with the Yoast SEO plugin v27.3 - https:\/\/yoast.com\/product\/yoast-seo-wordpress\/ -->\n<title>Partners - GEBA | Green Road Machinery<\/title>\n<meta name=\"description\" content=\"Emissievrije machines en duurzame oplossingen voor de infrasector. GEBA realiseert die samen met innovatieve partners zoals BOMA en VDL.\" \/>\n<meta name=\"robots\" content=\"index, follow, max-snippet:-1, max-image-preview:large, max-video-preview:-1\" \/>\n<link rel=\"canonical\" href=\"https:\/\/www.geba.nl\/de\/e-bau\/partner\/\" \/>\n<meta property=\"og:locale\" content=\"de_DE\" \/>\n<meta property=\"og:type\" content=\"article\" \/>\n<meta property=\"og:title\" content=\"Partners - GEBA | Green Road Machinery\" \/>\n<meta property=\"og:description\" content=\"Emissievrije machines en duurzame oplossingen voor de infrasector. GEBA realiseert die samen met innovatieve partners zoals BOMA en VDL.\" \/>\n<meta property=\"og:url\" content=\"https:\/\/www.geba.nl\/de\/e-bau\/partner\/\" \/>\n<meta property=\"og:site_name\" content=\"GEBA | Green Road Machinery\" \/>\n<meta property=\"article:modified_time\" content=\"2024-12-16T11:59:49+00:00\" \/>\n<meta property=\"og:image\" content=\"https:\/\/www.geba.nl\/wp-content\/uploads\/2024\/11\/E-build-partners.jpg\" \/>\n\t<meta property=\"og:image:width\" content=\"1603\" \/>\n\t<meta property=\"og:image:height\" content=\"1069\" \/>\n\t<meta property=\"og:image:type\" content=\"image\/jpeg\" \/>\n<meta name=\"twitter:card\" content=\"summary_large_image\" \/>\n<meta name=\"twitter:label1\" content=\"Gesch\u00e4tzte Lesezeit\" \/>\n\t<meta name=\"twitter:data1\" content=\"2\u00a0Minuten\" \/>\n<script type=\"application\/ld+json\" class=\"yoast-schema-graph\">{\"@context\":\"https:\\\/\\\/schema.org\",\"@graph\":[{\"@type\":\"WebPage\",\"@id\":\"https:\\\/\\\/www.geba.nl\\\/e-build\\\/partners\\\/\",\"url\":\"https:\\\/\\\/www.geba.nl\\\/e-build\\\/partners\\\/\",\"name\":\"Partners - GEBA | Green Road Machinery\",\"isPartOf\":{\"@id\":\"https:\\\/\\\/www.geba.nl\\\/#website\"},\"primaryImageOfPage\":{\"@id\":\"https:\\\/\\\/www.geba.nl\\\/e-build\\\/partners\\\/#primaryimage\"},\"image\":{\"@id\":\"https:\\\/\\\/www.geba.nl\\\/e-build\\\/partners\\\/#primaryimage\"},\"thumbnailUrl\":\"https:\\\/\\\/www.geba.nl\\\/wp-content\\\/uploads\\\/2024\\\/11\\\/E-build-partners.jpg\",\"datePublished\":\"2024-10-15T09:04:59+00:00\",\"dateModified\":\"2024-12-16T11:59:49+00:00\",\"description\":\"Emissievrije machines en duurzame oplossingen voor de infrasector. GEBA realiseert die samen met innovatieve partners zoals BOMA en VDL.\",\"breadcrumb\":{\"@id\":\"https:\\\/\\\/www.geba.nl\\\/e-build\\\/partners\\\/#breadcrumb\"},\"inLanguage\":\"de\",\"potentialAction\":[{\"@type\":\"ReadAction\",\"target\":[\"https:\\\/\\\/www.geba.nl\\\/e-build\\\/partners\\\/\"]}]},{\"@type\":\"ImageObject\",\"inLanguage\":\"de\",\"@id\":\"https:\\\/\\\/www.geba.nl\\\/e-build\\\/partners\\\/#primaryimage\",\"url\":\"https:\\\/\\\/www.geba.nl\\\/wp-content\\\/uploads\\\/2024\\\/11\\\/E-build-partners.jpg\",\"contentUrl\":\"https:\\\/\\\/www.geba.nl\\\/wp-content\\\/uploads\\\/2024\\\/11\\\/E-build-partners.jpg\",\"width\":1603,\"height\":1069},{\"@type\":\"BreadcrumbList\",\"@id\":\"https:\\\/\\\/www.geba.nl\\\/e-build\\\/partners\\\/#breadcrumb\",\"itemListElement\":[{\"@type\":\"ListItem\",\"position\":1,\"name\":\"Home\",\"item\":\"https:\\\/\\\/www.geba.nl\\\/\"},{\"@type\":\"ListItem\",\"position\":2,\"name\":\"E-build\",\"item\":\"https:\\\/\\\/www.geba.nl\\\/e-build\\\/\"},{\"@type\":\"ListItem\",\"position\":3,\"name\":\"Partners\"}]},{\"@type\":\"WebSite\",\"@id\":\"https:\\\/\\\/www.geba.nl\\\/#website\",\"url\":\"https:\\\/\\\/www.geba.nl\\\/\",\"name\":\"GEBA | Green Road Machinery\",\"description\":\"De toekomst van wegenbouw\",\"publisher\":{\"@id\":\"https:\\\/\\\/www.geba.nl\\\/#organization\"},\"potentialAction\":[{\"@type\":\"SearchAction\",\"target\":{\"@type\":\"EntryPoint\",\"urlTemplate\":\"https:\\\/\\\/www.geba.nl\\\/?s={search_term_string}\"},\"query-input\":{\"@type\":\"PropertyValueSpecification\",\"valueRequired\":true,\"valueName\":\"search_term_string\"}}],\"inLanguage\":\"de\"},{\"@type\":\"Organization\",\"@id\":\"https:\\\/\\\/www.geba.nl\\\/#organization\",\"name\":\"GEBA | Green Road Machinery\",\"url\":\"https:\\\/\\\/www.geba.nl\\\/\",\"logo\":{\"@type\":\"ImageObject\",\"inLanguage\":\"de\",\"@id\":\"https:\\\/\\\/www.geba.nl\\\/#\\\/schema\\\/logo\\\/image\\\/\",\"url\":\"https:\\\/\\\/www.geba.nl\\\/wp-content\\\/uploads\\\/2024\\\/10\\\/logo.svg\",\"contentUrl\":\"https:\\\/\\\/www.geba.nl\\\/wp-content\\\/uploads\\\/2024\\\/10\\\/logo.svg\",\"width\":756,\"height\":180,\"caption\":\"GEBA | Green Road Machinery\"},\"image\":{\"@id\":\"https:\\\/\\\/www.geba.nl\\\/#\\\/schema\\\/logo\\\/image\\\/\"}}]}<\/script>\n<!-- \/ Yoast SEO plugin. -->","yoast_head_json":{"title":"Partner - GEBA | Gr\u00fcne Stra\u00dfenmaschinen","description":"Emissionsfreie Maschinen und nachhaltige L\u00f6sungen f\u00fcr den Infrastruktursektor. GEBA realisiert diese gemeinsam mit innovativen Partnern wie BOMA und VDL.","robots":{"index":"index","follow":"follow","max-snippet":"max-snippet:-1","max-image-preview":"max-image-preview:large","max-video-preview":"max-video-preview:-1"},"canonical":"https:\/\/www.geba.nl\/de\/e-bau\/partner\/","og_locale":"de_DE","og_type":"article","og_title":"Partners - GEBA | Green Road Machinery","og_description":"Emissievrije machines en duurzame oplossingen voor de infrasector. GEBA realiseert die samen met innovatieve partners zoals BOMA en VDL.","og_url":"https:\/\/www.geba.nl\/de\/e-bau\/partner\/","og_site_name":"GEBA | Green Road Machinery","article_modified_time":"2024-12-16T11:59:49+00:00","og_image":[{"width":1603,"height":1069,"url":"https:\/\/www.geba.nl\/wp-content\/uploads\/2024\/11\/E-build-partners.jpg","type":"image\/jpeg"}],"twitter_card":"summary_large_image","twitter_misc":{"Gesch\u00e4tzte Lesezeit":"2\u00a0Minuten"},"schema":{"@context":"https:\/\/schema.org","@graph":[{"@type":"WebPage","@id":"https:\/\/www.geba.nl\/e-build\/partners\/","url":"https:\/\/www.geba.nl\/e-build\/partners\/","name":"Partner - GEBA | Gr\u00fcne Stra\u00dfenmaschinen","isPartOf":{"@id":"https:\/\/www.geba.nl\/#website"},"primaryImageOfPage":{"@id":"https:\/\/www.geba.nl\/e-build\/partners\/#primaryimage"},"image":{"@id":"https:\/\/www.geba.nl\/e-build\/partners\/#primaryimage"},"thumbnailUrl":"https:\/\/www.geba.nl\/wp-content\/uploads\/2024\/11\/E-build-partners.jpg","datePublished":"2024-10-15T09:04:59+00:00","dateModified":"2024-12-16T11:59:49+00:00","description":"Emissionsfreie Maschinen und nachhaltige L\u00f6sungen f\u00fcr den Infrastruktursektor. GEBA realisiert diese gemeinsam mit innovativen Partnern wie BOMA und VDL.","breadcrumb":{"@id":"https:\/\/www.geba.nl\/e-build\/partners\/#breadcrumb"},"inLanguage":"de","potentialAction":[{"@type":"ReadAction","target":["https:\/\/www.geba.nl\/e-build\/partners\/"]}]},{"@type":"ImageObject","inLanguage":"de","@id":"https:\/\/www.geba.nl\/e-build\/partners\/#primaryimage","url":"https:\/\/www.geba.nl\/wp-content\/uploads\/2024\/11\/E-build-partners.jpg","contentUrl":"https:\/\/www.geba.nl\/wp-content\/uploads\/2024\/11\/E-build-partners.jpg","width":1603,"height":1069},{"@type":"BreadcrumbList","@id":"https:\/\/www.geba.nl\/e-build\/partners\/#breadcrumb","itemListElement":[{"@type":"ListItem","position":1,"name":"Home","item":"https:\/\/www.geba.nl\/"},{"@type":"ListItem","position":2,"name":"E-build","item":"https:\/\/www.geba.nl\/e-build\/"},{"@type":"ListItem","position":3,"name":"Partners"}]},{"@type":"WebSite","@id":"https:\/\/www.geba.nl\/#website","url":"https:\/\/www.geba.nl\/","name":"GEBA | Gr\u00fcne Stra\u00dfenmaschinen","description":"Die Zukunft des Stra\u00dfenbaus","publisher":{"@id":"https:\/\/www.geba.nl\/#organization"},"potentialAction":[{"@type":"SearchAction","target":{"@type":"EntryPoint","urlTemplate":"https:\/\/www.geba.nl\/?s={search_term_string}"},"query-input":{"@type":"PropertyValueSpecification","valueRequired":true,"valueName":"search_term_string"}}],"inLanguage":"de"},{"@type":"Organization","@id":"https:\/\/www.geba.nl\/#organization","name":"GEBA | Gr\u00fcne Stra\u00dfenmaschinen","url":"https:\/\/www.geba.nl\/","logo":{"@type":"ImageObject","inLanguage":"de","@id":"https:\/\/www.geba.nl\/#\/schema\/logo\/image\/","url":"https:\/\/www.geba.nl\/wp-content\/uploads\/2024\/10\/logo.svg","contentUrl":"https:\/\/www.geba.nl\/wp-content\/uploads\/2024\/10\/logo.svg","width":756,"height":180,"caption":"GEBA | Green Road Machinery"},"image":{"@id":"https:\/\/www.geba.nl\/#\/schema\/logo\/image\/"}}]}},"_links":{"self":[{"href":"https:\/\/www.geba.nl\/de\/wp-json\/wp\/v2\/pages\/1179","targetHints":{"allow":["GET"]}}],"collection":[{"href":"https:\/\/www.geba.nl\/de\/wp-json\/wp\/v2\/pages"}],"about":[{"href":"https:\/\/www.geba.nl\/de\/wp-json\/wp\/v2\/types\/page"}],"author":[{"embeddable":true,"href":"https:\/\/www.geba.nl\/de\/wp-json\/wp\/v2\/users\/1"}],"replies":[{"embeddable":true,"href":"https:\/\/www.geba.nl\/de\/wp-json\/wp\/v2\/comments?post=1179"}],"version-history":[{"count":2,"href":"https:\/\/www.geba.nl\/de\/wp-json\/wp\/v2\/pages\/1179\/revisions"}],"predecessor-version":[{"id":3742,"href":"https:\/\/www.geba.nl\/de\/wp-json\/wp\/v2\/pages\/1179\/revisions\/3742"}],"up":[{"embeddable":true,"href":"https:\/\/www.geba.nl\/de\/wp-json\/wp\/v2\/pages\/1173"}],"wp:featuredmedia":[{"embeddable":true,"href":"https:\/\/www.geba.nl\/de\/wp-json\/wp\/v2\/media\/3434"}],"wp:attachment":[{"href":"https:\/\/www.geba.nl\/de\/wp-json\/wp\/v2\/media?parent=1179"}],"curies":[{"name":"wp","href":"https:\/\/api.w.org\/{rel}","templated":true}]}}