{"id":1181,"date":"2024-10-15T11:05:55","date_gmt":"2024-10-15T09:05:55","guid":{"rendered":"https:\/\/geba.nl\/?page_id=1181"},"modified":"2025-01-28T11:50:25","modified_gmt":"2025-01-28T10:50:25","slug":"gutesiegel-zertifikate","status":"publish","type":"page","link":"https:\/\/www.geba.nl\/de\/e-build\/keurmerken-certificaten\/","title":{"rendered":"G\u00fctesiegel &amp; Zertifikate"},"content":{"rendered":"\t\t<div data-elementor-type=\"wp-page\" data-elementor-id=\"1181\" class=\"elementor elementor-1181\" data-elementor-post-type=\"page\">\n\t\t\t\t<div class=\"elementor-element elementor-element-4de84b6 e-flex e-con-boxed e-con e-parent\" data-id=\"4de84b6\" data-element_type=\"container\" data-e-type=\"container\" data-settings=\"{&quot;background_background&quot;:&quot;classic&quot;}\">\n\t\t\t\t\t<div class=\"e-con-inner\">\n\t\t<div class=\"elementor-element elementor-element-2adc735 e-con-full e-flex e-con e-child\" data-id=\"2adc735\" data-element_type=\"container\" data-e-type=\"container\">\n\t\t\t\t<div class=\"elementor-element elementor-element-fb03833 elementor-widget elementor-widget-heading\" data-id=\"fb03833\" data-element_type=\"widget\" data-e-type=\"widget\" data-widget_type=\"heading.default\">\n\t\t\t\t<div class=\"elementor-widget-container\">\n\t\t\t\t\t<h1 class=\"elementor-heading-title elementor-size-default\">Keurmerken en Certificaten<\/h1>\t\t\t\t<\/div>\n\t\t\t\t<\/div>\n\t\t\t\t<div class=\"elementor-element elementor-element-e9c8867 elementor-widget elementor-widget-text-editor\" data-id=\"e9c8867\" data-element_type=\"widget\" data-e-type=\"widget\" data-widget_type=\"text-editor.default\">\n\t\t\t\t<div class=\"elementor-widget-container\">\n\t\t\t\t\t\t\t\t\t<p class=\"p1\"><span class=\"TextRun SCXW105453104 BCX0\" lang=\"NL-NL\" xml:lang=\"NL-NL\" data-contrast=\"auto\"><span class=\"NormalTextRun SCXW105453104 BCX0\">Bij <\/span><span class=\"NormalTextRun SCXW105453104 BCX0\">GEBA<\/span><span class=\"NormalTextRun SCXW105453104 BCX0\"> streven we naar de hoogste kwaliteit en veiligheid in al onze producten en diensten. Wij hechten veel waarde aan duurzaamheid, innovatie en betrouwbaarheid. Om onze klanten te garanderen dat onze producten aan de strengste internationale eisen voldoen, werken wij volgens de normen van diverse keurmerken en certificeringen. Hieronder vindt u een overzicht van de belangrijkste keurmerken en certificaten die wij dragen.<\/span><\/span><span class=\"EOP SCXW105453104 BCX0\" data-ccp-props=\"{}\">\u00a0<\/span><\/p>\t\t\t\t\t\t\t\t<\/div>\n\t\t\t\t<\/div>\n\t\t\t\t<\/div>\n\t\t<div class=\"elementor-element elementor-element-a211cf6 e-con-full e-flex e-con e-child\" data-id=\"a211cf6\" data-element_type=\"container\" data-e-type=\"container\">\n\t\t\t\t<div class=\"elementor-element elementor-element-be2ebde elementor-widget elementor-widget-button\" data-id=\"be2ebde\" data-element_type=\"widget\" data-e-type=\"widget\" data-widget_type=\"button.default\">\n\t\t\t\t<div class=\"elementor-widget-container\">\n\t\t\t\t\t\t\t\t\t<div class=\"elementor-button-wrapper\">\n\t\t\t\t\t<a class=\"elementor-button elementor-button-link elementor-size-sm\" href=\"#contact\">\n\t\t\t\t\t\t<span class=\"elementor-button-content-wrapper\">\n\t\t\t\t\t\t\t\t\t<span class=\"elementor-button-text\">Ik heb advies nodig<\/span>\n\t\t\t\t\t<\/span>\n\t\t\t\t\t<\/a>\n\t\t\t\t<\/div>\n\t\t\t\t\t\t\t\t<\/div>\n\t\t\t\t<\/div>\n\t\t\t\t<\/div>\n\t\t\t\t\t<\/div>\n\t\t\t\t<\/div>\n\t\t<div class=\"elementor-element elementor-element-4234061 e-flex e-con-boxed e-con e-parent\" data-id=\"4234061\" data-element_type=\"container\" data-e-type=\"container\">\n\t\t\t\t\t<div class=\"e-con-inner\">\n\t\t<div class=\"elementor-element elementor-element-27d8972 e-con-full e-flex e-con e-child\" data-id=\"27d8972\" data-element_type=\"container\" data-e-type=\"container\" data-settings=\"{&quot;background_background&quot;:&quot;classic&quot;}\">\n\t\t\t\t<\/div>\n\t\t\t\t\t<\/div>\n\t\t\t\t<\/div>\n\t\t<div class=\"elementor-element elementor-element-6117729 e-flex e-con-boxed e-con e-parent\" data-id=\"6117729\" data-element_type=\"container\" data-e-type=\"container\">\n\t\t\t\t\t<div class=\"e-con-inner\">\n\t\t<div class=\"elementor-element elementor-element-ff01492 e-con-full e-flex e-con e-child\" data-id=\"ff01492\" data-element_type=\"container\" data-e-type=\"container\">\n\t\t<div class=\"elementor-element elementor-element-5a91818 e-con-full e-flex e-con e-child\" data-id=\"5a91818\" data-element_type=\"container\" data-e-type=\"container\">\n\t\t\t\t<div class=\"elementor-element elementor-element-8355d84 elementor-widget elementor-widget-text-editor\" data-id=\"8355d84\" data-element_type=\"widget\" data-e-type=\"widget\" data-widget_type=\"text-editor.default\">\n\t\t\t\t<div class=\"elementor-widget-container\">\n\t\t\t\t\t\t\t\t\t<h2><span data-contrast=\"auto\">CE-Keurmerk<\/span><span data-ccp-props=\"{}\">\u00a0<\/span><\/h2><p><span data-contrast=\"auto\">Het CE-keurmerk is een essentieel kenmerk van de producten die wij produceren. Dit keurmerk geeft aan dat onze producten voldoen aan de geldende Europese richtlijnen op het gebied van veiligheid, gezondheid en milieubescherming. Het CE-keurmerk is van toepassing op uiteenlopende producten en geeft onze klanten de zekerheid dat de producten voldoen aan de vereiste normen en veilig kunnen worden gebruikt binnen de Europese Economische Ruimte (EER).<\/span><\/p><h2><span data-contrast=\"auto\">ISO 9001: Kwaliteitsmanagement<\/span><span data-ccp-props=\"{}\">\u00a0<\/span><\/h2><p><span data-contrast=\"auto\">GEBA is gecertificeerd volgens de ISO 9001-norm, wat betekent dat wij werken volgens een strikt kwaliteitsmanagementsysteem. Deze internationale norm stelt eisen aan onze interne processen en garandeert dat wij constant streven naar verbetering van onze producten en diensten. Voor onze klanten betekent dit consistent hoge kwaliteit, klantgerichte benaderingen en betrouwbare producten.<\/span><\/p><h2><span data-contrast=\"auto\">VCA: Veiligheid, Gezondheid en Milieu Checklist Aannemers<\/span><span data-ccp-props=\"{}\">\u00a0<\/span><\/h2><p><span data-contrast=\"auto\">Veiligheid is een prioriteit bij GEBA, en met de VCA-certificering tonen wij aan dat wij werken volgens strikte veiligheidsvoorschriften. Deze certificering verzekert dat wij de juiste maatregelen nemen om de veiligheid en gezondheid van onze medewerkers, partners en klanten te waarborgen tijdens het uitvoeren van werkzaamheden.<\/span><span data-ccp-props=\"{}\">\u00a0<\/span><\/p><h2>Met vertrouwen samenwerken<\/h2><p><span data-contrast=\"auto\">Bij GEBA doen we er alles aan om producten van de hoogste kwaliteit te leveren die voldoen aan de strengste internationale normen op het gebied van veiligheid, duurzaamheid en kwaliteit. We zijn toegewijd aan deze normen en bieden onze klanten vertrouwen in de producten en diensten die wij leveren.\u00a0<\/span><span data-contrast=\"auto\">Heeft u vragen over een specifiek keurmerk of certificaat? Neem dan gerust contact met ons op.<\/span><span data-ccp-props=\"{}\">\u00a0<\/span><\/p>\t\t\t\t\t\t\t\t<\/div>\n\t\t\t\t<\/div>\n\t\t\t\t<\/div>\n\t\t<div class=\"elementor-element elementor-element-8cf378a e-con-full sticky-form-wrapper e-flex e-con e-child\" data-id=\"8cf378a\" data-element_type=\"container\" data-e-type=\"container\" id=\"contact\" data-settings=\"{&quot;sticky_on&quot;:[&quot;desktop&quot;,&quot;laptop&quot;,&quot;tablet_extra&quot;],&quot;sticky_offset&quot;:150,&quot;sticky_parent&quot;:&quot;yes&quot;,&quot;sticky&quot;:&quot;top&quot;,&quot;sticky_effects_offset&quot;:0,&quot;sticky_anchor_link_offset&quot;:0}\">\n\t\t\t\t<div class=\"elementor-element elementor-element-3404427 elementor-widget elementor-widget-template\" data-id=\"3404427\" data-element_type=\"widget\" data-e-type=\"widget\" data-widget_type=\"template.default\">\n\t\t\t\t<div class=\"elementor-widget-container\">\n\t\t\t\t\t\t\t<div class=\"elementor-template\">\n\t\t\t\t\t<div data-elementor-type=\"container\" data-elementor-id=\"1115\" class=\"elementor elementor-1115\" data-elementor-post-type=\"elementor_library\">\n\t\t\t\t<div class=\"elementor-element elementor-element-20c6bb9 e-flex e-con-boxed e-con e-parent\" data-id=\"20c6bb9\" data-element_type=\"container\" data-e-type=\"container\">\n\t\t\t\t\t<div class=\"e-con-inner\">\n\t\t\t\t<div class=\"elementor-element elementor-element-7bf2974 elementor-widget elementor-widget-heading\" data-id=\"7bf2974\" data-element_type=\"widget\" data-e-type=\"widget\" data-widget_type=\"heading.default\">\n\t\t\t\t<div class=\"elementor-widget-container\">\n\t\t\t\t\t<h3 class=\"elementor-heading-title elementor-size-default\">Contact met onze medewerkers?<\/h3>\t\t\t\t<\/div>\n\t\t\t\t<\/div>\n\t\t\t\t<div class=\"elementor-element elementor-element-1a19f30 elementor-widget elementor-widget-text-editor\" data-id=\"1a19f30\" data-element_type=\"widget\" data-e-type=\"widget\" data-widget_type=\"text-editor.default\">\n\t\t\t\t<div class=\"elementor-widget-container\">\n\t\t\t\t\t\t\t\t\t<p class=\"p1\"><span class=\"s1\">Heeft u behoefte aan meer informatie? Bel naar onderstaand nummer of stuur een mail. Onze collega&#8217;s helpen u graag.<\/span><\/p>\t\t\t\t\t\t\t\t<\/div>\n\t\t\t\t<\/div>\n\t\t\t\t<div class=\"elementor-element elementor-element-83abec7 elementor-widget elementor-widget-html\" data-id=\"83abec7\" data-element_type=\"widget\" data-e-type=\"widget\" data-widget_type=\"html.default\">\n\t\t\t\t<div class=\"elementor-widget-container\">\n\t\t\t\t\tT <a style=\"color: #4db16f;\" href=\"tel:+31246963220\">+31 (0)24 696 32 20<\/a><br \/>\nE <a style=\"color: #4db16f;\" href=\"mailto:verhuur@geba.nl\">verhuur@geba.nl<\/a><br \/><br \/>\t\t\t\t<\/div>\n\t\t\t\t<\/div>\n\t\t\t\t<div class=\"elementor-element elementor-element-a313298 elementor-widget elementor-widget-text-editor\" data-id=\"a313298\" data-element_type=\"widget\" data-e-type=\"widget\" data-widget_type=\"text-editor.default\">\n\t\t\t\t<div class=\"elementor-widget-container\">\n\t\t\t\t\t\t\t\t\t<h4>Klantenservice<\/h4><p class=\"p1\">Voor ondersteuning en vragen kunt u ons 24\/7 bereiken via ons klantenservicenummer.<\/p>\t\t\t\t\t\t\t\t<\/div>\n\t\t\t\t<\/div>\n\t\t\t\t\t<\/div>\n\t\t\t\t<\/div>\n\t\t\t\t<\/div>\n\t\t\t\t<\/div>\n\t\t\t\t\t\t<\/div>\n\t\t\t\t<\/div>\n\t\t\t\t<\/div>\n\t\t\t\t<\/div>\n\t\t\t\t\t<\/div>\n\t\t\t\t<\/div>\n\t\t<div class=\"elementor-element elementor-element-0b15f9c e-flex e-con-boxed e-con e-parent\" data-id=\"0b15f9c\" data-element_type=\"container\" data-e-type=\"container\" data-settings=\"{&quot;background_background&quot;:&quot;classic&quot;}\">\n\t\t\t\t\t<div class=\"e-con-inner\">\n\t\t\t\t<div class=\"elementor-element elementor-element-e1906a6 elementor-widget elementor-widget-heading\" data-id=\"e1906a6\" data-element_type=\"widget\" data-e-type=\"widget\" data-widget_type=\"heading.default\">\n\t\t\t\t<div class=\"elementor-widget-container\">\n\t\t\t\t\t<h2 class=\"elementor-heading-title elementor-size-default\">Meer E-build<\/h2>\t\t\t\t<\/div>\n\t\t\t\t<\/div>\n\t\t\t\t<div class=\"elementor-element elementor-element-c3dda85 elementor-widget elementor-widget-text-editor\" data-id=\"c3dda85\" data-element_type=\"widget\" data-e-type=\"widget\" data-widget_type=\"text-editor.default\">\n\t\t\t\t<div class=\"elementor-widget-container\">\n\t\t\t\t\t\t\t\t\t<p>GEBA is voorloper in het verhuren en elektrificeren van zwaar bouwmaterieel om emissievrije machines voor de infra- en bouwsector te realiseren. Meer weten over onze visie en aanpak? Lees meer over ons baanbrekende\u00a0<a href=\"https:\/\/www.geba.nl\/e-build\/\">E-build<\/a>\u00a0concept.<\/p>\t\t\t\t\t\t\t\t<\/div>\n\t\t\t\t<\/div>\n\t\t<div class=\"elementor-element elementor-element-33e4b62 e-con-full e-flex e-con e-child\" data-id=\"33e4b62\" data-element_type=\"container\" data-e-type=\"container\">\n\t\t\t\t<div class=\"elementor-element elementor-element-5035034 elementor-widget elementor-widget-button\" data-id=\"5035034\" data-element_type=\"widget\" data-e-type=\"widget\" data-widget_type=\"button.default\">\n\t\t\t\t<div class=\"elementor-widget-container\">\n\t\t\t\t\t\t\t\t\t<div class=\"elementor-button-wrapper\">\n\t\t\t\t\t<a class=\"elementor-button elementor-button-link elementor-size-sm\" href=\"\/e-build\/ontwikkelingen\/\">\n\t\t\t\t\t\t<span class=\"elementor-button-content-wrapper\">\n\t\t\t\t\t\t\t\t\t<span class=\"elementor-button-text\">Ontwikkelingen<\/span>\n\t\t\t\t\t<\/span>\n\t\t\t\t\t<\/a>\n\t\t\t\t<\/div>\n\t\t\t\t\t\t\t\t<\/div>\n\t\t\t\t<\/div>\n\t\t\t\t<div class=\"elementor-element elementor-element-fe08c33 elementor-widget elementor-widget-button\" data-id=\"fe08c33\" data-element_type=\"widget\" data-e-type=\"widget\" data-widget_type=\"button.default\">\n\t\t\t\t<div class=\"elementor-widget-container\">\n\t\t\t\t\t\t\t\t\t<div class=\"elementor-button-wrapper\">\n\t\t\t\t\t<a class=\"elementor-button elementor-button-link elementor-size-sm\" href=\"\/e-build\/waarom-we-het-doen\/\">\n\t\t\t\t\t\t<span class=\"elementor-button-content-wrapper\">\n\t\t\t\t\t\t\t\t\t<span class=\"elementor-button-text\">Waarom we het doen<\/span>\n\t\t\t\t\t<\/span>\n\t\t\t\t\t<\/a>\n\t\t\t\t<\/div>\n\t\t\t\t\t\t\t\t<\/div>\n\t\t\t\t<\/div>\n\t\t\t\t<div class=\"elementor-element elementor-element-2e4ffb0 elementor-widget elementor-widget-button\" data-id=\"2e4ffb0\" data-element_type=\"widget\" data-e-type=\"widget\" data-widget_type=\"button.default\">\n\t\t\t\t<div class=\"elementor-widget-container\">\n\t\t\t\t\t\t\t\t\t<div class=\"elementor-button-wrapper\">\n\t\t\t\t\t<a class=\"elementor-button elementor-button-link elementor-size-sm\" href=\"\/e-build\/hoe-we-het-doen\/\">\n\t\t\t\t\t\t<span class=\"elementor-button-content-wrapper\">\n\t\t\t\t\t\t\t\t\t<span class=\"elementor-button-text\">Hoe we het doen<\/span>\n\t\t\t\t\t<\/span>\n\t\t\t\t\t<\/a>\n\t\t\t\t<\/div>\n\t\t\t\t\t\t\t\t<\/div>\n\t\t\t\t<\/div>\n\t\t\t\t<div class=\"elementor-element elementor-element-fb53805 elementor-widget elementor-widget-button\" data-id=\"fb53805\" data-element_type=\"widget\" data-e-type=\"widget\" data-widget_type=\"button.default\">\n\t\t\t\t<div class=\"elementor-widget-container\">\n\t\t\t\t\t\t\t\t\t<div class=\"elementor-button-wrapper\">\n\t\t\t\t\t<a class=\"elementor-button elementor-button-link elementor-size-sm\" href=\"\/e-build\/partners\/\">\n\t\t\t\t\t\t<span class=\"elementor-button-content-wrapper\">\n\t\t\t\t\t\t\t\t\t<span class=\"elementor-button-text\">Partners<\/span>\n\t\t\t\t\t<\/span>\n\t\t\t\t\t<\/a>\n\t\t\t\t<\/div>\n\t\t\t\t\t\t\t\t<\/div>\n\t\t\t\t<\/div>\n\t\t\t\t<div class=\"elementor-element elementor-element-eefae47 elementor-widget elementor-widget-button\" data-id=\"eefae47\" data-element_type=\"widget\" data-e-type=\"widget\" data-widget_type=\"button.default\">\n\t\t\t\t<div class=\"elementor-widget-container\">\n\t\t\t\t\t\t\t\t\t<div class=\"elementor-button-wrapper\">\n\t\t\t\t\t<a class=\"elementor-button elementor-button-link elementor-size-sm\" href=\"\/e-build\/keurmerken-certificaten\/\">\n\t\t\t\t\t\t<span class=\"elementor-button-content-wrapper\">\n\t\t\t\t\t\t\t\t\t<span class=\"elementor-button-text\">Keurmerken &amp; certificaten<\/span>\n\t\t\t\t\t<\/span>\n\t\t\t\t\t<\/a>\n\t\t\t\t<\/div>\n\t\t\t\t\t\t\t\t<\/div>\n\t\t\t\t<\/div>\n\t\t\t\t<div class=\"elementor-element elementor-element-025da42 elementor-widget elementor-widget-button\" data-id=\"025da42\" data-element_type=\"widget\" data-e-type=\"widget\" data-widget_type=\"button.default\">\n\t\t\t\t<div class=\"elementor-widget-container\">\n\t\t\t\t\t\t\t\t\t<div class=\"elementor-button-wrapper\">\n\t\t\t\t\t<a class=\"elementor-button elementor-button-link elementor-size-sm\" href=\"\/e-build\/subsidies\/\">\n\t\t\t\t\t\t<span class=\"elementor-button-content-wrapper\">\n\t\t\t\t\t\t\t\t\t<span class=\"elementor-button-text\">Subsidies (RVO)<\/span>\n\t\t\t\t\t<\/span>\n\t\t\t\t\t<\/a>\n\t\t\t\t<\/div>\n\t\t\t\t\t\t\t\t<\/div>\n\t\t\t\t<\/div>\n\t\t\t\t<\/div>\n\t\t\t\t\t<\/div>\n\t\t\t\t<\/div>\n\t\t\t\t<\/div>\n\t\t","protected":false},"excerpt":{"rendered":"<p>Keurmerken en Certificaten Bij GEBA streven we naar de hoogste kwaliteit en veiligheid in al onze producten en diensten. Wij hechten veel waarde aan duurzaamheid, innovatie en betrouwbaarheid. Om onze klanten te garanderen dat onze producten aan de strengste internationale eisen voldoen, werken wij volgens de normen van diverse keurmerken en certificeringen. Hieronder vindt u [&hellip;]<\/p>\n","protected":false},"author":1,"featured_media":3439,"parent":1173,"menu_order":0,"comment_status":"closed","ping_status":"closed","template":"elementor_theme","meta":{"inline_featured_image":false,"footnotes":""},"class_list":["post-1181","page","type-page","status-publish","has-post-thumbnail","hentry"],"yoast_head":"<!-- This site is optimized with the Yoast SEO plugin v27.3 - https:\/\/yoast.com\/product\/yoast-seo-wordpress\/ -->\n<title>Keurmerken &amp; certificaten - GEBA | Green Road Machinery<\/title>\n<meta name=\"description\" content=\"Onze machines &amp; oplossingen voldoen aan strenge internationale eisen. GEBA is gecertificeerd voor ISO 9001, ISO 14001, CE-keurmerk en VCA.\" \/>\n<meta name=\"robots\" content=\"index, follow, max-snippet:-1, max-image-preview:large, max-video-preview:-1\" \/>\n<link rel=\"canonical\" href=\"https:\/\/www.geba.nl\/de\/e-bau\/gutesiegel-zertifikate\/\" \/>\n<meta property=\"og:locale\" content=\"de_DE\" \/>\n<meta property=\"og:type\" content=\"article\" \/>\n<meta property=\"og:title\" content=\"Keurmerken &amp; certificaten - GEBA | Green Road Machinery\" \/>\n<meta property=\"og:description\" content=\"Onze machines &amp; oplossingen voldoen aan strenge internationale eisen. GEBA is gecertificeerd voor ISO 9001, ISO 14001, CE-keurmerk en VCA.\" \/>\n<meta property=\"og:url\" content=\"https:\/\/www.geba.nl\/de\/e-bau\/gutesiegel-zertifikate\/\" \/>\n<meta property=\"og:site_name\" content=\"GEBA | Green Road Machinery\" \/>\n<meta property=\"article:modified_time\" content=\"2025-01-28T10:50:25+00:00\" \/>\n<meta property=\"og:image\" content=\"https:\/\/www.geba.nl\/wp-content\/uploads\/2024\/11\/E-build-keurmerken-2-scaled.jpg\" \/>\n\t<meta property=\"og:image:width\" content=\"2560\" \/>\n\t<meta property=\"og:image:height\" content=\"1706\" \/>\n\t<meta property=\"og:image:type\" content=\"image\/jpeg\" \/>\n<meta name=\"twitter:card\" content=\"summary_large_image\" \/>\n<meta name=\"twitter:label1\" content=\"Gesch\u00e4tzte Lesezeit\" \/>\n\t<meta name=\"twitter:data1\" content=\"3\u00a0Minuten\" \/>\n<script type=\"application\/ld+json\" class=\"yoast-schema-graph\">{\"@context\":\"https:\\\/\\\/schema.org\",\"@graph\":[{\"@type\":\"WebPage\",\"@id\":\"https:\\\/\\\/www.geba.nl\\\/e-build\\\/keurmerken-certificaten\\\/\",\"url\":\"https:\\\/\\\/www.geba.nl\\\/e-build\\\/keurmerken-certificaten\\\/\",\"name\":\"Keurmerken & certificaten - GEBA | Green Road Machinery\",\"isPartOf\":{\"@id\":\"https:\\\/\\\/www.geba.nl\\\/#website\"},\"primaryImageOfPage\":{\"@id\":\"https:\\\/\\\/www.geba.nl\\\/e-build\\\/keurmerken-certificaten\\\/#primaryimage\"},\"image\":{\"@id\":\"https:\\\/\\\/www.geba.nl\\\/e-build\\\/keurmerken-certificaten\\\/#primaryimage\"},\"thumbnailUrl\":\"https:\\\/\\\/www.geba.nl\\\/wp-content\\\/uploads\\\/2024\\\/11\\\/E-build-keurmerken-2-scaled.jpg\",\"datePublished\":\"2024-10-15T09:05:55+00:00\",\"dateModified\":\"2025-01-28T10:50:25+00:00\",\"description\":\"Onze machines & oplossingen voldoen aan strenge internationale eisen. GEBA is gecertificeerd voor ISO 9001, ISO 14001, CE-keurmerk en VCA.\",\"breadcrumb\":{\"@id\":\"https:\\\/\\\/www.geba.nl\\\/e-build\\\/keurmerken-certificaten\\\/#breadcrumb\"},\"inLanguage\":\"de\",\"potentialAction\":[{\"@type\":\"ReadAction\",\"target\":[\"https:\\\/\\\/www.geba.nl\\\/e-build\\\/keurmerken-certificaten\\\/\"]}]},{\"@type\":\"ImageObject\",\"inLanguage\":\"de\",\"@id\":\"https:\\\/\\\/www.geba.nl\\\/e-build\\\/keurmerken-certificaten\\\/#primaryimage\",\"url\":\"https:\\\/\\\/www.geba.nl\\\/wp-content\\\/uploads\\\/2024\\\/11\\\/E-build-keurmerken-2-scaled.jpg\",\"contentUrl\":\"https:\\\/\\\/www.geba.nl\\\/wp-content\\\/uploads\\\/2024\\\/11\\\/E-build-keurmerken-2-scaled.jpg\",\"width\":2560,\"height\":1706},{\"@type\":\"BreadcrumbList\",\"@id\":\"https:\\\/\\\/www.geba.nl\\\/e-build\\\/keurmerken-certificaten\\\/#breadcrumb\",\"itemListElement\":[{\"@type\":\"ListItem\",\"position\":1,\"name\":\"Home\",\"item\":\"https:\\\/\\\/www.geba.nl\\\/\"},{\"@type\":\"ListItem\",\"position\":2,\"name\":\"E-build\",\"item\":\"https:\\\/\\\/www.geba.nl\\\/e-build\\\/\"},{\"@type\":\"ListItem\",\"position\":3,\"name\":\"Keurmerken &#038; certificaten\"}]},{\"@type\":\"WebSite\",\"@id\":\"https:\\\/\\\/www.geba.nl\\\/#website\",\"url\":\"https:\\\/\\\/www.geba.nl\\\/\",\"name\":\"GEBA | Green Road Machinery\",\"description\":\"De toekomst van wegenbouw\",\"publisher\":{\"@id\":\"https:\\\/\\\/www.geba.nl\\\/#organization\"},\"potentialAction\":[{\"@type\":\"SearchAction\",\"target\":{\"@type\":\"EntryPoint\",\"urlTemplate\":\"https:\\\/\\\/www.geba.nl\\\/?s={search_term_string}\"},\"query-input\":{\"@type\":\"PropertyValueSpecification\",\"valueRequired\":true,\"valueName\":\"search_term_string\"}}],\"inLanguage\":\"de\"},{\"@type\":\"Organization\",\"@id\":\"https:\\\/\\\/www.geba.nl\\\/#organization\",\"name\":\"GEBA | Green Road Machinery\",\"url\":\"https:\\\/\\\/www.geba.nl\\\/\",\"logo\":{\"@type\":\"ImageObject\",\"inLanguage\":\"de\",\"@id\":\"https:\\\/\\\/www.geba.nl\\\/#\\\/schema\\\/logo\\\/image\\\/\",\"url\":\"https:\\\/\\\/www.geba.nl\\\/wp-content\\\/uploads\\\/2024\\\/10\\\/logo.svg\",\"contentUrl\":\"https:\\\/\\\/www.geba.nl\\\/wp-content\\\/uploads\\\/2024\\\/10\\\/logo.svg\",\"width\":756,\"height\":180,\"caption\":\"GEBA | Green Road Machinery\"},\"image\":{\"@id\":\"https:\\\/\\\/www.geba.nl\\\/#\\\/schema\\\/logo\\\/image\\\/\"}}]}<\/script>\n<!-- \/ Yoast SEO plugin. -->","yoast_head_json":{"title":"G\u00fctesiegel &amp; Zertifikate - GEBA | Green Road Machinery","description":"Unsere Maschinen &amp; L\u00f6sungen erf\u00fcllen strenge internationale Anforderungen. GEBA ist zertifiziert nach ISO 9001, ISO 14001, CE-Kennzeichnung und VCA.","robots":{"index":"index","follow":"follow","max-snippet":"max-snippet:-1","max-image-preview":"max-image-preview:large","max-video-preview":"max-video-preview:-1"},"canonical":"https:\/\/www.geba.nl\/de\/e-bau\/gutesiegel-zertifikate\/","og_locale":"de_DE","og_type":"article","og_title":"Keurmerken & certificaten - GEBA | Green Road Machinery","og_description":"Onze machines & oplossingen voldoen aan strenge internationale eisen. GEBA is gecertificeerd voor ISO 9001, ISO 14001, CE-keurmerk en VCA.","og_url":"https:\/\/www.geba.nl\/de\/e-bau\/gutesiegel-zertifikate\/","og_site_name":"GEBA | Green Road Machinery","article_modified_time":"2025-01-28T10:50:25+00:00","og_image":[{"width":2560,"height":1706,"url":"https:\/\/www.geba.nl\/wp-content\/uploads\/2024\/11\/E-build-keurmerken-2-scaled.jpg","type":"image\/jpeg"}],"twitter_card":"summary_large_image","twitter_misc":{"Gesch\u00e4tzte Lesezeit":"3\u00a0Minuten"},"schema":{"@context":"https:\/\/schema.org","@graph":[{"@type":"WebPage","@id":"https:\/\/www.geba.nl\/e-build\/keurmerken-certificaten\/","url":"https:\/\/www.geba.nl\/e-build\/keurmerken-certificaten\/","name":"G\u00fctesiegel &amp; Zertifikate - GEBA | Green Road Machinery","isPartOf":{"@id":"https:\/\/www.geba.nl\/#website"},"primaryImageOfPage":{"@id":"https:\/\/www.geba.nl\/e-build\/keurmerken-certificaten\/#primaryimage"},"image":{"@id":"https:\/\/www.geba.nl\/e-build\/keurmerken-certificaten\/#primaryimage"},"thumbnailUrl":"https:\/\/www.geba.nl\/wp-content\/uploads\/2024\/11\/E-build-keurmerken-2-scaled.jpg","datePublished":"2024-10-15T09:05:55+00:00","dateModified":"2025-01-28T10:50:25+00:00","description":"Unsere Maschinen &amp; L\u00f6sungen erf\u00fcllen strenge internationale Anforderungen. GEBA ist zertifiziert nach ISO 9001, ISO 14001, CE-Kennzeichnung und VCA.","breadcrumb":{"@id":"https:\/\/www.geba.nl\/e-build\/keurmerken-certificaten\/#breadcrumb"},"inLanguage":"de","potentialAction":[{"@type":"ReadAction","target":["https:\/\/www.geba.nl\/e-build\/keurmerken-certificaten\/"]}]},{"@type":"ImageObject","inLanguage":"de","@id":"https:\/\/www.geba.nl\/e-build\/keurmerken-certificaten\/#primaryimage","url":"https:\/\/www.geba.nl\/wp-content\/uploads\/2024\/11\/E-build-keurmerken-2-scaled.jpg","contentUrl":"https:\/\/www.geba.nl\/wp-content\/uploads\/2024\/11\/E-build-keurmerken-2-scaled.jpg","width":2560,"height":1706},{"@type":"BreadcrumbList","@id":"https:\/\/www.geba.nl\/e-build\/keurmerken-certificaten\/#breadcrumb","itemListElement":[{"@type":"ListItem","position":1,"name":"Home","item":"https:\/\/www.geba.nl\/"},{"@type":"ListItem","position":2,"name":"E-build","item":"https:\/\/www.geba.nl\/e-build\/"},{"@type":"ListItem","position":3,"name":"Keurmerken &#038; certificaten"}]},{"@type":"WebSite","@id":"https:\/\/www.geba.nl\/#website","url":"https:\/\/www.geba.nl\/","name":"GEBA | Gr\u00fcne Stra\u00dfenmaschinen","description":"Die Zukunft des Stra\u00dfenbaus","publisher":{"@id":"https:\/\/www.geba.nl\/#organization"},"potentialAction":[{"@type":"SearchAction","target":{"@type":"EntryPoint","urlTemplate":"https:\/\/www.geba.nl\/?s={search_term_string}"},"query-input":{"@type":"PropertyValueSpecification","valueRequired":true,"valueName":"search_term_string"}}],"inLanguage":"de"},{"@type":"Organization","@id":"https:\/\/www.geba.nl\/#organization","name":"GEBA | Gr\u00fcne Stra\u00dfenmaschinen","url":"https:\/\/www.geba.nl\/","logo":{"@type":"ImageObject","inLanguage":"de","@id":"https:\/\/www.geba.nl\/#\/schema\/logo\/image\/","url":"https:\/\/www.geba.nl\/wp-content\/uploads\/2024\/10\/logo.svg","contentUrl":"https:\/\/www.geba.nl\/wp-content\/uploads\/2024\/10\/logo.svg","width":756,"height":180,"caption":"GEBA | Green Road Machinery"},"image":{"@id":"https:\/\/www.geba.nl\/#\/schema\/logo\/image\/"}}]}},"_links":{"self":[{"href":"https:\/\/www.geba.nl\/de\/wp-json\/wp\/v2\/pages\/1181","targetHints":{"allow":["GET"]}}],"collection":[{"href":"https:\/\/www.geba.nl\/de\/wp-json\/wp\/v2\/pages"}],"about":[{"href":"https:\/\/www.geba.nl\/de\/wp-json\/wp\/v2\/types\/page"}],"author":[{"embeddable":true,"href":"https:\/\/www.geba.nl\/de\/wp-json\/wp\/v2\/users\/1"}],"replies":[{"embeddable":true,"href":"https:\/\/www.geba.nl\/de\/wp-json\/wp\/v2\/comments?post=1181"}],"version-history":[{"count":5,"href":"https:\/\/www.geba.nl\/de\/wp-json\/wp\/v2\/pages\/1181\/revisions"}],"predecessor-version":[{"id":3800,"href":"https:\/\/www.geba.nl\/de\/wp-json\/wp\/v2\/pages\/1181\/revisions\/3800"}],"up":[{"embeddable":true,"href":"https:\/\/www.geba.nl\/de\/wp-json\/wp\/v2\/pages\/1173"}],"wp:featuredmedia":[{"embeddable":true,"href":"https:\/\/www.geba.nl\/de\/wp-json\/wp\/v2\/media\/3439"}],"wp:attachment":[{"href":"https:\/\/www.geba.nl\/de\/wp-json\/wp\/v2\/media?parent=1181"}],"curies":[{"name":"wp","href":"https:\/\/api.w.org\/{rel}","templated":true}]}}