{"id":1187,"date":"2024-10-15T11:07:54","date_gmt":"2024-10-15T09:07:54","guid":{"rendered":"https:\/\/geba.nl\/?page_id=1187"},"modified":"2024-12-19T14:00:44","modified_gmt":"2024-12-19T13:00:44","slug":"wartung-uberholung","status":"publish","type":"page","link":"https:\/\/www.geba.nl\/de\/support\/onderhoud-revisie\/","title":{"rendered":"Wartung &amp; \u00dcberholung"},"content":{"rendered":"\t\t<div data-elementor-type=\"wp-page\" data-elementor-id=\"1187\" class=\"elementor elementor-1187\" data-elementor-post-type=\"page\">\n\t\t\t\t<div class=\"elementor-element elementor-element-5a2ed91 e-flex e-con-boxed e-con e-parent\" data-id=\"5a2ed91\" data-element_type=\"container\" data-e-type=\"container\" data-settings=\"{&quot;background_background&quot;:&quot;classic&quot;}\">\n\t\t\t\t\t<div class=\"e-con-inner\">\n\t\t<div class=\"elementor-element elementor-element-9ed9e27 e-con-full e-flex e-con e-child\" data-id=\"9ed9e27\" data-element_type=\"container\" data-e-type=\"container\">\n\t\t\t\t<div class=\"elementor-element elementor-element-0bdc699 elementor-widget elementor-widget-heading\" data-id=\"0bdc699\" data-element_type=\"widget\" data-e-type=\"widget\" data-widget_type=\"heading.default\">\n\t\t\t\t<div class=\"elementor-widget-container\">\n\t\t\t\t\t<h1 class=\"elementor-heading-title elementor-size-default\">Onderhoud &amp; revisie<\/h1>\t\t\t\t<\/div>\n\t\t\t\t<\/div>\n\t\t\t\t<div class=\"elementor-element elementor-element-a466d66 elementor-widget elementor-widget-text-editor\" data-id=\"a466d66\" data-element_type=\"widget\" data-e-type=\"widget\" data-widget_type=\"text-editor.default\">\n\t\t\t\t<div class=\"elementor-widget-container\">\n\t\t\t\t\t\t\t\t\t<p>Zowel elektrisch als conventioneel materieel dient goed te functioneren. Want laten we eerlijk zijn: stilstand wilt u te allen tijde minimaliseren. Vandaar dat we bij GEBA onderhoud &amp; revisie op maat aanbieden. Onze collega&#8217;s zijn experts in hun vak en zorgen dat uw machines op-en-top blijven presteren. Ontdek de mogelijkheden binnen onderhoud &amp; revisie voor uw materieel.\u00a0<\/p>\t\t\t\t\t\t\t\t<\/div>\n\t\t\t\t<\/div>\n\t\t\t\t<\/div>\n\t\t<div class=\"elementor-element elementor-element-0624975 e-con-full e-flex e-con e-child\" data-id=\"0624975\" data-element_type=\"container\" data-e-type=\"container\">\n\t\t\t\t<div class=\"elementor-element elementor-element-dc256ef elementor-widget elementor-widget-button\" data-id=\"dc256ef\" data-element_type=\"widget\" data-e-type=\"widget\" data-widget_type=\"button.default\">\n\t\t\t\t<div class=\"elementor-widget-container\">\n\t\t\t\t\t\t\t\t\t<div class=\"elementor-button-wrapper\">\n\t\t\t\t\t<a class=\"elementor-button elementor-button-link elementor-size-sm\" href=\"#contact\">\n\t\t\t\t\t\t<span class=\"elementor-button-content-wrapper\">\n\t\t\t\t\t\t\t\t\t<span class=\"elementor-button-text\">Ik heb advies nodig<\/span>\n\t\t\t\t\t<\/span>\n\t\t\t\t\t<\/a>\n\t\t\t\t<\/div>\n\t\t\t\t\t\t\t\t<\/div>\n\t\t\t\t<\/div>\n\t\t\t\t<\/div>\n\t\t\t\t\t<\/div>\n\t\t\t\t<\/div>\n\t\t<div class=\"elementor-element elementor-element-714c441 e-flex e-con-boxed e-con e-parent\" data-id=\"714c441\" data-element_type=\"container\" data-e-type=\"container\">\n\t\t\t\t\t<div class=\"e-con-inner\">\n\t\t<div class=\"elementor-element elementor-element-dfa8761 e-con-full e-flex e-con e-child\" data-id=\"dfa8761\" data-element_type=\"container\" data-e-type=\"container\" data-settings=\"{&quot;background_background&quot;:&quot;classic&quot;}\">\n\t\t\t\t<\/div>\n\t\t\t\t\t<\/div>\n\t\t\t\t<\/div>\n\t\t<div class=\"elementor-element elementor-element-2a827fe e-flex e-con-boxed e-con e-parent\" data-id=\"2a827fe\" data-element_type=\"container\" data-e-type=\"container\">\n\t\t\t\t\t<div class=\"e-con-inner\">\n\t\t<div class=\"elementor-element elementor-element-4c3a68c e-con-full e-flex e-con e-child\" data-id=\"4c3a68c\" data-element_type=\"container\" data-e-type=\"container\">\n\t\t<div class=\"elementor-element elementor-element-f807573 e-con-full e-flex e-con e-child\" data-id=\"f807573\" data-element_type=\"container\" data-e-type=\"container\">\n\t\t\t\t<div class=\"elementor-element elementor-element-0a107f7 elementor-widget elementor-widget-heading\" data-id=\"0a107f7\" data-element_type=\"widget\" data-e-type=\"widget\" data-widget_type=\"heading.default\">\n\t\t\t\t<div class=\"elementor-widget-container\">\n\t\t\t\t\t<h2 class=\"elementor-heading-title elementor-size-default\">Voorkom Stilstand met Onderhoud op Maat<\/h2>\t\t\t\t<\/div>\n\t\t\t\t<\/div>\n\t\t\t\t<div class=\"elementor-element elementor-element-5e2e655 elementor-widget elementor-widget-text-editor\" data-id=\"5e2e655\" data-element_type=\"widget\" data-e-type=\"widget\" data-widget_type=\"text-editor.default\">\n\t\t\t\t<div class=\"elementor-widget-container\">\n\t\t\t\t\t\t\t\t\t<p class=\"p1\">Goed onderhoud is essentieel voor de betrouwbaarheid van uw machines, ongeacht of deze elektrisch of conventioneel zijn aangedreven. Bij GEBA bieden we onderhouds- en revisiediensten om de levensduur van uw materieel te verlengen en onverwachte storingen te voorkomen.<\/p>\n<h3 class=\"p1\">Wat bieden we?<\/h3>\n<ul class=\"ul1\">\n<li class=\"li2\"><b>Preventief onderhoud: <\/b>Regelmatige inspecties en controles om problemen voor te zijn.<\/li>\n<li class=\"li2\"><b>Revisie van machines: <\/b>Wij nemen uw oude machines volledig onder handen en bouwen deze, indien gewenst, om naar elektrische varianten.<\/li>\n<li class=\"li1\"><b>Elektrisch &amp; conventioneel materieel: <\/b>Onze collega&#8217;s zijn gespecialiseerd in het onderhouden van elektrische machines \u00e9n traditionele dieselmotoren.<\/li>\n<\/ul>\n<h3 class=\"p1\">Voordelen van ons onderhoud<\/h3>\n<ul class=\"ul1\">\n<li class=\"li4\"><b>Minimale stilstand: <\/b>Goed onderhouden machines blijven draaien.<\/li>\n<li class=\"li4\"><b>Hogere restwaarde: <\/b>Door periodiek onderhoud behoudt uw materieel zijn waarde.<\/li>\n<li class=\"li1\"><b>Kosteneffici\u00ebnt: <\/b>Voorkom dure reparaties met preventieve zorg.<\/li>\n<\/ul>\n<h3>Onderhoudsplanning<\/h3>\n<p class=\"p1\">Wilt u zeker weten dat uw machines altijd in topconditie zijn? Wij bieden <b>onderhoudscontracten <\/b>op maat. Neem <a href=\"\/contact\/\">contact<\/a> met ons op voor de mogelijkheden.<\/p>\t\t\t\t\t\t\t\t<\/div>\n\t\t\t\t<\/div>\n\t\t\t\t<\/div>\n\t\t<div class=\"elementor-element elementor-element-0693812 e-con-full sticky-form-wrapper e-flex e-con e-child\" data-id=\"0693812\" data-element_type=\"container\" data-e-type=\"container\" id=\"contact\" data-settings=\"{&quot;sticky_on&quot;:[&quot;desktop&quot;,&quot;laptop&quot;,&quot;tablet_extra&quot;],&quot;sticky_offset&quot;:150,&quot;sticky_parent&quot;:&quot;yes&quot;,&quot;sticky&quot;:&quot;top&quot;,&quot;sticky_effects_offset&quot;:0,&quot;sticky_anchor_link_offset&quot;:0}\">\n\t\t\t\t<div class=\"elementor-element elementor-element-b4ab36e elementor-widget elementor-widget-template\" data-id=\"b4ab36e\" data-element_type=\"widget\" data-e-type=\"widget\" data-widget_type=\"template.default\">\n\t\t\t\t<div class=\"elementor-widget-container\">\n\t\t\t\t\t\t\t<div class=\"elementor-template\">\n\t\t\t\t\t<div data-elementor-type=\"container\" data-elementor-id=\"1115\" class=\"elementor elementor-1115\" data-elementor-post-type=\"elementor_library\">\n\t\t\t\t<div class=\"elementor-element elementor-element-20c6bb9 e-flex e-con-boxed e-con e-parent\" data-id=\"20c6bb9\" data-element_type=\"container\" data-e-type=\"container\">\n\t\t\t\t\t<div class=\"e-con-inner\">\n\t\t\t\t<div class=\"elementor-element elementor-element-7bf2974 elementor-widget elementor-widget-heading\" data-id=\"7bf2974\" data-element_type=\"widget\" data-e-type=\"widget\" data-widget_type=\"heading.default\">\n\t\t\t\t<div class=\"elementor-widget-container\">\n\t\t\t\t\t<h3 class=\"elementor-heading-title elementor-size-default\">Contact met onze medewerkers?<\/h3>\t\t\t\t<\/div>\n\t\t\t\t<\/div>\n\t\t\t\t<div class=\"elementor-element elementor-element-1a19f30 elementor-widget elementor-widget-text-editor\" data-id=\"1a19f30\" data-element_type=\"widget\" data-e-type=\"widget\" data-widget_type=\"text-editor.default\">\n\t\t\t\t<div class=\"elementor-widget-container\">\n\t\t\t\t\t\t\t\t\t<p class=\"p1\"><span class=\"s1\">Heeft u behoefte aan meer informatie? Bel naar onderstaand nummer of stuur een mail. Onze collega&#8217;s helpen u graag.<\/span><\/p>\t\t\t\t\t\t\t\t<\/div>\n\t\t\t\t<\/div>\n\t\t\t\t<div class=\"elementor-element elementor-element-83abec7 elementor-widget elementor-widget-html\" data-id=\"83abec7\" data-element_type=\"widget\" data-e-type=\"widget\" data-widget_type=\"html.default\">\n\t\t\t\t<div class=\"elementor-widget-container\">\n\t\t\t\t\tT <a style=\"color: #4db16f;\" href=\"tel:+31246963220\">+31 (0)24 696 32 20<\/a><br \/>\nE <a style=\"color: #4db16f;\" href=\"mailto:verhuur@geba.nl\">verhuur@geba.nl<\/a><br \/><br \/>\t\t\t\t<\/div>\n\t\t\t\t<\/div>\n\t\t\t\t<div class=\"elementor-element elementor-element-a313298 elementor-widget elementor-widget-text-editor\" data-id=\"a313298\" data-element_type=\"widget\" data-e-type=\"widget\" data-widget_type=\"text-editor.default\">\n\t\t\t\t<div class=\"elementor-widget-container\">\n\t\t\t\t\t\t\t\t\t<h4>Klantenservice<\/h4><p class=\"p1\">Voor ondersteuning en vragen kunt u ons 24\/7 bereiken via ons klantenservicenummer.<\/p>\t\t\t\t\t\t\t\t<\/div>\n\t\t\t\t<\/div>\n\t\t\t\t\t<\/div>\n\t\t\t\t<\/div>\n\t\t\t\t<\/div>\n\t\t\t\t<\/div>\n\t\t\t\t\t\t<\/div>\n\t\t\t\t<\/div>\n\t\t\t\t<\/div>\n\t\t\t\t<\/div>\n\t\t\t\t\t<\/div>\n\t\t\t\t<\/div>\n\t\t<div class=\"elementor-element elementor-element-cb03c9f e-flex e-con-boxed e-con e-parent\" data-id=\"cb03c9f\" data-element_type=\"container\" data-e-type=\"container\" data-settings=\"{&quot;background_background&quot;:&quot;classic&quot;}\">\n\t\t\t\t\t<div class=\"e-con-inner\">\n\t\t\t\t<div class=\"elementor-element elementor-element-e82ae14 elementor-widget elementor-widget-heading\" data-id=\"e82ae14\" data-element_type=\"widget\" data-e-type=\"widget\" data-widget_type=\"heading.default\">\n\t\t\t\t<div class=\"elementor-widget-container\">\n\t\t\t\t\t<h2 class=\"elementor-heading-title elementor-size-default\">Meer support<\/h2>\t\t\t\t<\/div>\n\t\t\t\t<\/div>\n\t\t\t\t<div class=\"elementor-element elementor-element-7fb388b elementor-widget elementor-widget-text-editor\" data-id=\"7fb388b\" data-element_type=\"widget\" data-e-type=\"widget\" data-widget_type=\"text-editor.default\">\n\t\t\t\t<div class=\"elementor-widget-container\">\n\t\t\t\t\t\t\t\t\t<div class=\"elementor-element elementor-element-5c10198 elementor-widget elementor-widget-text-editor\" data-id=\"5c10198\" data-element_type=\"widget\" data-widget_type=\"text-editor.default\"><div class=\"elementor-widget-container\"><p>Met een landelijk servicenetwerk en uitgebreide technische ondersteuning en service helpen we onze opdrachtgevers hun bouwmaterieel optimaal in te zetten. Van gericht advies en onderhoud tot 24\/7 support voor hulpvragen en vervangend materieel. Onze collega\u2019s helpen u graag op weg.<\/p><\/div><\/div>\t\t\t\t\t\t\t\t<\/div>\n\t\t\t\t<\/div>\n\t\t<div class=\"elementor-element elementor-element-e924a6f e-con-full e-flex e-con e-child\" data-id=\"e924a6f\" data-element_type=\"container\" data-e-type=\"container\">\n\t\t\t\t<div class=\"elementor-element elementor-element-6b7f89f elementor-widget elementor-widget-button\" data-id=\"6b7f89f\" data-element_type=\"widget\" data-e-type=\"widget\" data-widget_type=\"button.default\">\n\t\t\t\t<div class=\"elementor-widget-container\">\n\t\t\t\t\t\t\t\t\t<div class=\"elementor-button-wrapper\">\n\t\t\t\t\t<a class=\"elementor-button elementor-button-link elementor-size-sm\" href=\"\/support\/onderhoud-revisie\/\">\n\t\t\t\t\t\t<span class=\"elementor-button-content-wrapper\">\n\t\t\t\t\t\t\t\t\t<span class=\"elementor-button-text\">Onderhoud &amp; revisie<\/span>\n\t\t\t\t\t<\/span>\n\t\t\t\t\t<\/a>\n\t\t\t\t<\/div>\n\t\t\t\t\t\t\t\t<\/div>\n\t\t\t\t<\/div>\n\t\t\t\t<div class=\"elementor-element elementor-element-2f5271f elementor-widget elementor-widget-button\" data-id=\"2f5271f\" data-element_type=\"widget\" data-e-type=\"widget\" data-widget_type=\"button.default\">\n\t\t\t\t<div class=\"elementor-widget-container\">\n\t\t\t\t\t\t\t\t\t<div class=\"elementor-button-wrapper\">\n\t\t\t\t\t<a class=\"elementor-button elementor-button-link elementor-size-sm\" href=\"\/support\/24-7-support\/\">\n\t\t\t\t\t\t<span class=\"elementor-button-content-wrapper\">\n\t\t\t\t\t\t\t\t\t<span class=\"elementor-button-text\">24\/7 support<\/span>\n\t\t\t\t\t<\/span>\n\t\t\t\t\t<\/a>\n\t\t\t\t<\/div>\n\t\t\t\t\t\t\t\t<\/div>\n\t\t\t\t<\/div>\n\t\t\t\t<div class=\"elementor-element elementor-element-f05cefc elementor-widget elementor-widget-button\" data-id=\"f05cefc\" data-element_type=\"widget\" data-e-type=\"widget\" data-widget_type=\"button.default\">\n\t\t\t\t<div class=\"elementor-widget-container\">\n\t\t\t\t\t\t\t\t\t<div class=\"elementor-button-wrapper\">\n\t\t\t\t\t<a class=\"elementor-button elementor-button-link elementor-size-sm\" href=\"\/support\/verfspuitplaats\/\">\n\t\t\t\t\t\t<span class=\"elementor-button-content-wrapper\">\n\t\t\t\t\t\t\t\t\t<span class=\"elementor-button-text\">Verfspuitplaats<\/span>\n\t\t\t\t\t<\/span>\n\t\t\t\t\t<\/a>\n\t\t\t\t<\/div>\n\t\t\t\t\t\t\t\t<\/div>\n\t\t\t\t<\/div>\n\t\t\t\t<\/div>\n\t\t\t\t\t<\/div>\n\t\t\t\t<\/div>\n\t\t\t\t<\/div>\n\t\t","protected":false},"excerpt":{"rendered":"<p>Onderhoud &amp; revisie Zowel elektrisch als conventioneel materieel dient goed te functioneren. Want laten we eerlijk zijn: stilstand wilt u te allen tijde minimaliseren. Vandaar dat we bij GEBA onderhoud &amp; revisie op maat aanbieden. Onze collega&#8217;s zijn experts in hun vak en zorgen dat uw machines op-en-top blijven presteren. Ontdek de mogelijkheden binnen onderhoud [&hellip;]<\/p>\n","protected":false},"author":1,"featured_media":2430,"parent":1185,"menu_order":0,"comment_status":"closed","ping_status":"closed","template":"elementor_theme","meta":{"inline_featured_image":false,"footnotes":""},"class_list":["post-1187","page","type-page","status-publish","has-post-thumbnail","hentry"],"yoast_head":"<!-- This site is optimized with the Yoast SEO plugin v27.3 - https:\/\/yoast.com\/product\/yoast-seo-wordpress\/ -->\n<title>Onderhoud &amp; revisie - GEBA | Green Road Machinery<\/title>\n<meta name=\"description\" content=\"Zorgen dat machines optimaal blijven presteren? GEBA biedt onderhoud &amp; revisie op maat om stilstand maximaal te minimaliseren. Elektrisch &amp; conventioneel!\" \/>\n<meta name=\"robots\" content=\"index, follow, max-snippet:-1, max-image-preview:large, max-video-preview:-1\" \/>\n<link rel=\"canonical\" href=\"https:\/\/www.geba.nl\/de\/unterstutzung\/wartung-uberholung\/\" \/>\n<meta property=\"og:locale\" content=\"de_DE\" \/>\n<meta property=\"og:type\" content=\"article\" \/>\n<meta property=\"og:title\" content=\"Onderhoud &amp; revisie - GEBA | Green Road Machinery\" \/>\n<meta property=\"og:description\" content=\"Zorgen dat machines optimaal blijven presteren? GEBA biedt onderhoud &amp; revisie op maat om stilstand maximaal te minimaliseren. Elektrisch &amp; conventioneel!\" \/>\n<meta property=\"og:url\" content=\"https:\/\/www.geba.nl\/de\/unterstutzung\/wartung-uberholung\/\" \/>\n<meta property=\"og:site_name\" content=\"GEBA | Green Road Machinery\" \/>\n<meta property=\"article:modified_time\" content=\"2024-12-19T13:00:44+00:00\" \/>\n<meta property=\"og:image\" content=\"https:\/\/www.geba.nl\/wp-content\/uploads\/2024\/11\/GEBA-Support-Onderhoud-revisie_3_11zon.jpg\" \/>\n\t<meta property=\"og:image:width\" content=\"1600\" \/>\n\t<meta property=\"og:image:height\" content=\"800\" \/>\n\t<meta property=\"og:image:type\" content=\"image\/jpeg\" \/>\n<meta name=\"twitter:card\" content=\"summary_large_image\" \/>\n<meta name=\"twitter:label1\" content=\"Gesch\u00e4tzte Lesezeit\" \/>\n\t<meta name=\"twitter:data1\" content=\"2\u00a0Minuten\" \/>\n<script type=\"application\/ld+json\" class=\"yoast-schema-graph\">{\"@context\":\"https:\\\/\\\/schema.org\",\"@graph\":[{\"@type\":\"WebPage\",\"@id\":\"https:\\\/\\\/www.geba.nl\\\/support\\\/onderhoud-revisie\\\/\",\"url\":\"https:\\\/\\\/www.geba.nl\\\/support\\\/onderhoud-revisie\\\/\",\"name\":\"Onderhoud & revisie - GEBA | Green Road Machinery\",\"isPartOf\":{\"@id\":\"https:\\\/\\\/www.geba.nl\\\/#website\"},\"primaryImageOfPage\":{\"@id\":\"https:\\\/\\\/www.geba.nl\\\/support\\\/onderhoud-revisie\\\/#primaryimage\"},\"image\":{\"@id\":\"https:\\\/\\\/www.geba.nl\\\/support\\\/onderhoud-revisie\\\/#primaryimage\"},\"thumbnailUrl\":\"https:\\\/\\\/www.geba.nl\\\/wp-content\\\/uploads\\\/2024\\\/11\\\/GEBA-Support-Onderhoud-revisie_3_11zon.jpg\",\"datePublished\":\"2024-10-15T09:07:54+00:00\",\"dateModified\":\"2024-12-19T13:00:44+00:00\",\"description\":\"Zorgen dat machines optimaal blijven presteren? GEBA biedt onderhoud & revisie op maat om stilstand maximaal te minimaliseren. Elektrisch & conventioneel!\",\"breadcrumb\":{\"@id\":\"https:\\\/\\\/www.geba.nl\\\/support\\\/onderhoud-revisie\\\/#breadcrumb\"},\"inLanguage\":\"de\",\"potentialAction\":[{\"@type\":\"ReadAction\",\"target\":[\"https:\\\/\\\/www.geba.nl\\\/support\\\/onderhoud-revisie\\\/\"]}]},{\"@type\":\"ImageObject\",\"inLanguage\":\"de\",\"@id\":\"https:\\\/\\\/www.geba.nl\\\/support\\\/onderhoud-revisie\\\/#primaryimage\",\"url\":\"https:\\\/\\\/www.geba.nl\\\/wp-content\\\/uploads\\\/2024\\\/11\\\/GEBA-Support-Onderhoud-revisie_3_11zon.jpg\",\"contentUrl\":\"https:\\\/\\\/www.geba.nl\\\/wp-content\\\/uploads\\\/2024\\\/11\\\/GEBA-Support-Onderhoud-revisie_3_11zon.jpg\",\"width\":1600,\"height\":800},{\"@type\":\"BreadcrumbList\",\"@id\":\"https:\\\/\\\/www.geba.nl\\\/support\\\/onderhoud-revisie\\\/#breadcrumb\",\"itemListElement\":[{\"@type\":\"ListItem\",\"position\":1,\"name\":\"Home\",\"item\":\"https:\\\/\\\/www.geba.nl\\\/\"},{\"@type\":\"ListItem\",\"position\":2,\"name\":\"Support\",\"item\":\"https:\\\/\\\/www.geba.nl\\\/support\\\/\"},{\"@type\":\"ListItem\",\"position\":3,\"name\":\"Onderhoud &#038; revisie\"}]},{\"@type\":\"WebSite\",\"@id\":\"https:\\\/\\\/www.geba.nl\\\/#website\",\"url\":\"https:\\\/\\\/www.geba.nl\\\/\",\"name\":\"GEBA | Green Road Machinery\",\"description\":\"De toekomst van wegenbouw\",\"publisher\":{\"@id\":\"https:\\\/\\\/www.geba.nl\\\/#organization\"},\"potentialAction\":[{\"@type\":\"SearchAction\",\"target\":{\"@type\":\"EntryPoint\",\"urlTemplate\":\"https:\\\/\\\/www.geba.nl\\\/?s={search_term_string}\"},\"query-input\":{\"@type\":\"PropertyValueSpecification\",\"valueRequired\":true,\"valueName\":\"search_term_string\"}}],\"inLanguage\":\"de\"},{\"@type\":\"Organization\",\"@id\":\"https:\\\/\\\/www.geba.nl\\\/#organization\",\"name\":\"GEBA | Green Road Machinery\",\"url\":\"https:\\\/\\\/www.geba.nl\\\/\",\"logo\":{\"@type\":\"ImageObject\",\"inLanguage\":\"de\",\"@id\":\"https:\\\/\\\/www.geba.nl\\\/#\\\/schema\\\/logo\\\/image\\\/\",\"url\":\"https:\\\/\\\/www.geba.nl\\\/wp-content\\\/uploads\\\/2024\\\/10\\\/logo.svg\",\"contentUrl\":\"https:\\\/\\\/www.geba.nl\\\/wp-content\\\/uploads\\\/2024\\\/10\\\/logo.svg\",\"width\":756,\"height\":180,\"caption\":\"GEBA | Green Road Machinery\"},\"image\":{\"@id\":\"https:\\\/\\\/www.geba.nl\\\/#\\\/schema\\\/logo\\\/image\\\/\"}}]}<\/script>\n<!-- \/ Yoast SEO plugin. -->","yoast_head_json":{"title":"Wartung &amp; \u00dcberholung - GEBA | Green Road Machinery","description":"Sicherstellen, dass Maschinen ihre optimale Leistung beibehalten? GEBA bietet ma\u00dfgeschneiderte Wartung und \u00dcberholung, um Stillstandzeiten maximal zu minimieren. Elektrisch und konventionell!","robots":{"index":"index","follow":"follow","max-snippet":"max-snippet:-1","max-image-preview":"max-image-preview:large","max-video-preview":"max-video-preview:-1"},"canonical":"https:\/\/www.geba.nl\/de\/unterstutzung\/wartung-uberholung\/","og_locale":"de_DE","og_type":"article","og_title":"Onderhoud & revisie - GEBA | Green Road Machinery","og_description":"Zorgen dat machines optimaal blijven presteren? GEBA biedt onderhoud & revisie op maat om stilstand maximaal te minimaliseren. Elektrisch & conventioneel!","og_url":"https:\/\/www.geba.nl\/de\/unterstutzung\/wartung-uberholung\/","og_site_name":"GEBA | Green Road Machinery","article_modified_time":"2024-12-19T13:00:44+00:00","og_image":[{"width":1600,"height":800,"url":"https:\/\/www.geba.nl\/wp-content\/uploads\/2024\/11\/GEBA-Support-Onderhoud-revisie_3_11zon.jpg","type":"image\/jpeg"}],"twitter_card":"summary_large_image","twitter_misc":{"Gesch\u00e4tzte Lesezeit":"2\u00a0Minuten"},"schema":{"@context":"https:\/\/schema.org","@graph":[{"@type":"WebPage","@id":"https:\/\/www.geba.nl\/support\/onderhoud-revisie\/","url":"https:\/\/www.geba.nl\/support\/onderhoud-revisie\/","name":"Wartung &amp; \u00dcberholung - GEBA | Green Road Machinery","isPartOf":{"@id":"https:\/\/www.geba.nl\/#website"},"primaryImageOfPage":{"@id":"https:\/\/www.geba.nl\/support\/onderhoud-revisie\/#primaryimage"},"image":{"@id":"https:\/\/www.geba.nl\/support\/onderhoud-revisie\/#primaryimage"},"thumbnailUrl":"https:\/\/www.geba.nl\/wp-content\/uploads\/2024\/11\/GEBA-Support-Onderhoud-revisie_3_11zon.jpg","datePublished":"2024-10-15T09:07:54+00:00","dateModified":"2024-12-19T13:00:44+00:00","description":"Sicherstellen, dass Maschinen ihre optimale Leistung beibehalten? GEBA bietet ma\u00dfgeschneiderte Wartung und \u00dcberholung, um Stillstandzeiten maximal zu minimieren. Elektrisch und konventionell!","breadcrumb":{"@id":"https:\/\/www.geba.nl\/support\/onderhoud-revisie\/#breadcrumb"},"inLanguage":"de","potentialAction":[{"@type":"ReadAction","target":["https:\/\/www.geba.nl\/support\/onderhoud-revisie\/"]}]},{"@type":"ImageObject","inLanguage":"de","@id":"https:\/\/www.geba.nl\/support\/onderhoud-revisie\/#primaryimage","url":"https:\/\/www.geba.nl\/wp-content\/uploads\/2024\/11\/GEBA-Support-Onderhoud-revisie_3_11zon.jpg","contentUrl":"https:\/\/www.geba.nl\/wp-content\/uploads\/2024\/11\/GEBA-Support-Onderhoud-revisie_3_11zon.jpg","width":1600,"height":800},{"@type":"BreadcrumbList","@id":"https:\/\/www.geba.nl\/support\/onderhoud-revisie\/#breadcrumb","itemListElement":[{"@type":"ListItem","position":1,"name":"Home","item":"https:\/\/www.geba.nl\/"},{"@type":"ListItem","position":2,"name":"Support","item":"https:\/\/www.geba.nl\/support\/"},{"@type":"ListItem","position":3,"name":"Onderhoud &#038; revisie"}]},{"@type":"WebSite","@id":"https:\/\/www.geba.nl\/#website","url":"https:\/\/www.geba.nl\/","name":"GEBA | Gr\u00fcne Stra\u00dfenmaschinen","description":"Die Zukunft des Stra\u00dfenbaus","publisher":{"@id":"https:\/\/www.geba.nl\/#organization"},"potentialAction":[{"@type":"SearchAction","target":{"@type":"EntryPoint","urlTemplate":"https:\/\/www.geba.nl\/?s={search_term_string}"},"query-input":{"@type":"PropertyValueSpecification","valueRequired":true,"valueName":"search_term_string"}}],"inLanguage":"de"},{"@type":"Organization","@id":"https:\/\/www.geba.nl\/#organization","name":"GEBA | Gr\u00fcne Stra\u00dfenmaschinen","url":"https:\/\/www.geba.nl\/","logo":{"@type":"ImageObject","inLanguage":"de","@id":"https:\/\/www.geba.nl\/#\/schema\/logo\/image\/","url":"https:\/\/www.geba.nl\/wp-content\/uploads\/2024\/10\/logo.svg","contentUrl":"https:\/\/www.geba.nl\/wp-content\/uploads\/2024\/10\/logo.svg","width":756,"height":180,"caption":"GEBA | Green Road Machinery"},"image":{"@id":"https:\/\/www.geba.nl\/#\/schema\/logo\/image\/"}}]}},"_links":{"self":[{"href":"https:\/\/www.geba.nl\/de\/wp-json\/wp\/v2\/pages\/1187","targetHints":{"allow":["GET"]}}],"collection":[{"href":"https:\/\/www.geba.nl\/de\/wp-json\/wp\/v2\/pages"}],"about":[{"href":"https:\/\/www.geba.nl\/de\/wp-json\/wp\/v2\/types\/page"}],"author":[{"embeddable":true,"href":"https:\/\/www.geba.nl\/de\/wp-json\/wp\/v2\/users\/1"}],"replies":[{"embeddable":true,"href":"https:\/\/www.geba.nl\/de\/wp-json\/wp\/v2\/comments?post=1187"}],"version-history":[{"count":2,"href":"https:\/\/www.geba.nl\/de\/wp-json\/wp\/v2\/pages\/1187\/revisions"}],"predecessor-version":[{"id":3761,"href":"https:\/\/www.geba.nl\/de\/wp-json\/wp\/v2\/pages\/1187\/revisions\/3761"}],"up":[{"embeddable":true,"href":"https:\/\/www.geba.nl\/de\/wp-json\/wp\/v2\/pages\/1185"}],"wp:featuredmedia":[{"embeddable":true,"href":"https:\/\/www.geba.nl\/de\/wp-json\/wp\/v2\/media\/2430"}],"wp:attachment":[{"href":"https:\/\/www.geba.nl\/de\/wp-json\/wp\/v2\/media?parent=1187"}],"curies":[{"name":"wp","href":"https:\/\/api.w.org\/{rel}","templated":true}]}}