{"id":1203,"date":"2024-10-15T11:12:05","date_gmt":"2024-10-15T09:12:05","guid":{"rendered":"https:\/\/geba.nl\/?page_id=1203"},"modified":"2025-01-20T12:18:14","modified_gmt":"2025-01-20T11:18:14","slug":"kontakt","status":"publish","type":"page","link":"https:\/\/www.geba.nl\/de\/contact\/","title":{"rendered":"Kontakt"},"content":{"rendered":"\t\t<div data-elementor-type=\"wp-page\" data-elementor-id=\"1203\" class=\"elementor elementor-1203\" data-elementor-post-type=\"page\">\n\t\t\t\t<div class=\"elementor-element elementor-element-dd5cff8 e-flex e-con-boxed e-con e-parent\" data-id=\"dd5cff8\" data-element_type=\"container\" data-e-type=\"container\" data-settings=\"{&quot;background_background&quot;:&quot;classic&quot;}\">\n\t\t\t\t\t<div class=\"e-con-inner\">\n\t\t<div class=\"elementor-element elementor-element-2dbdd18 e-con-full e-flex e-con e-child\" data-id=\"2dbdd18\" data-element_type=\"container\" data-e-type=\"container\">\n\t\t\t\t<div class=\"elementor-element elementor-element-2a053db elementor-widget elementor-widget-heading\" data-id=\"2a053db\" data-element_type=\"widget\" data-e-type=\"widget\" data-widget_type=\"heading.default\">\n\t\t\t\t<div class=\"elementor-widget-container\">\n\t\t\t\t\t<h1 class=\"elementor-heading-title elementor-size-default\">Contact opnemen<\/h1>\t\t\t\t<\/div>\n\t\t\t\t<\/div>\n\t\t\t\t<div class=\"elementor-element elementor-element-c60a518 elementor-widget elementor-widget-text-editor\" data-id=\"c60a518\" data-element_type=\"widget\" data-e-type=\"widget\" data-widget_type=\"text-editor.default\">\n\t\t\t\t<div class=\"elementor-widget-container\">\n\t\t\t\t\t\t\t\t\t<p class=\"p1\">Heeft u vragen, opmerkingen of wilt u meer informatie over onze diensten? Bij <strong>GEBA <\/strong>staan we altijd voor u klaar. Of het nu gaat om het huren van machines, ondersteunen bij uw projecten of informatie over onze innovatieve, emissievrije oplossingen &#8211; ons team is er om u te helpen.\u00a0<\/p>\t\t\t\t\t\t\t\t<\/div>\n\t\t\t\t<\/div>\n\t\t\t\t<\/div>\n\t\t\t\t\t<\/div>\n\t\t\t\t<\/div>\n\t\t<div class=\"elementor-element elementor-element-e4ce9c2 e-flex e-con-boxed e-con e-parent\" data-id=\"e4ce9c2\" data-element_type=\"container\" data-e-type=\"container\">\n\t\t\t\t\t<div class=\"e-con-inner\">\n\t\t<div class=\"elementor-element elementor-element-9f42aa9 e-con-full e-flex e-con e-child\" data-id=\"9f42aa9\" data-element_type=\"container\" data-e-type=\"container\">\n\t\t<div class=\"elementor-element elementor-element-34e1609 e-con-full e-flex e-con e-child\" data-id=\"34e1609\" data-element_type=\"container\" data-e-type=\"container\">\n\t\t\t\t<div class=\"elementor-element elementor-element-e582a2f elementor-widget elementor-widget-heading\" data-id=\"e582a2f\" data-element_type=\"widget\" data-e-type=\"widget\" data-widget_type=\"heading.default\">\n\t\t\t\t<div class=\"elementor-widget-container\">\n\t\t\t\t\t<h3 class=\"elementor-heading-title elementor-size-default\">Contactformulier<\/h3>\t\t\t\t<\/div>\n\t\t\t\t<\/div>\n\t\t\t\t<div class=\"elementor-element elementor-element-c9d2bd7 elementor-widget elementor-widget-text-editor\" data-id=\"c9d2bd7\" data-element_type=\"widget\" data-e-type=\"widget\" data-widget_type=\"text-editor.default\">\n\t\t\t\t<div class=\"elementor-widget-container\">\n\t\t\t\t\t\t\t\t\t<p class=\"p1\"><span class=\"s1\">Op zoek naar meer informatie? Vul onderstaand formulier in en we bellen je binnen 24 uur met passend advies.<\/span><\/p>\t\t\t\t\t\t\t\t<\/div>\n\t\t\t\t<\/div>\n\t\t\t\t<div class=\"elementor-element elementor-element-d52cb97 form-dark elementor-widget elementor-widget-wpforms\" data-id=\"d52cb97\" data-element_type=\"widget\" data-e-type=\"widget\" data-widget_type=\"wpforms.default\">\n\t\t\t\t<div class=\"elementor-widget-container\">\n\t\t\t\t\t<div class=\"wpforms-container wpforms-container-full\" id=\"wpforms-1611\"><form id=\"wpforms-form-1611\" class=\"wpforms-validate wpforms-form wpforms-ajax-form\" data-formid=\"1611\" method=\"post\" enctype=\"multipart\/form-data\" action=\"\/de\/wp-json\/wp\/v2\/pages\/1203\" data-token=\"b943fe57189e4fee6ba76f88d3a1263a\" data-token-time=\"1776848317\"><noscript class=\"wpforms-error-noscript\">Please enable JavaScript in your browser to complete this form.<\/noscript><div class=\"wpforms-field-container\"><div id=\"wpforms-1611-field_5-container\" class=\"wpforms-field wpforms-field-text\" data-field-id=\"5\"><label class=\"wpforms-field-label\" for=\"wpforms-1611-field_5\">Bedrijfsnaam <span class=\"wpforms-required-label\">*<\/span><\/label><input type=\"text\" id=\"wpforms-1611-field_5\" class=\"wpforms-field-large wpforms-field-required\" name=\"wpforms[fields][5]\" required><\/div><div id=\"wpforms-1611-field_6-container\" class=\"wpforms-field wpforms-field-text\" data-field-id=\"6\"><label class=\"wpforms-field-label\" for=\"wpforms-1611-field_6\">Functie <span class=\"wpforms-required-label\">*<\/span><\/label><input type=\"text\" id=\"wpforms-1611-field_6\" class=\"wpforms-field-large wpforms-field-required\" name=\"wpforms[fields][6]\" placeholder=\"Bijvoorbeeld directeur\" required><\/div><div id=\"wpforms-1611-field_1-container\" class=\"wpforms-field wpforms-field-text\" data-field-id=\"1\"><label class=\"wpforms-field-label\" for=\"wpforms-1611-field_1\">Naam <span class=\"wpforms-required-label\">*<\/span><\/label><input type=\"text\" id=\"wpforms-1611-field_1\" class=\"wpforms-field-large wpforms-field-required\" name=\"wpforms[fields][1]\" required><\/div>\t\t<div id=\"wpforms-1611-field_7-container\"\n\t\t\tclass=\"wpforms-field wpforms-field-text\"\n\t\t\tdata-field-type=\"text\"\n\t\t\tdata-field-id=\"7\"\n\t\t\t>\n\t\t\t<label class=\"wpforms-field-label\" for=\"wpforms-1611-field_7\" >E-mailadres Bedrijfsnaam Naam<\/label>\n\t\t\t<input type=\"text\" id=\"wpforms-1611-field_7\" class=\"wpforms-field-medium\" name=\"wpforms[fields][7]\" >\n\t\t<\/div>\n\t\t<div id=\"wpforms-1611-field_2-container\" class=\"wpforms-field wpforms-field-email\" data-field-id=\"2\"><label class=\"wpforms-field-label\" for=\"wpforms-1611-field_2\">E-mailadres <span class=\"wpforms-required-label\">*<\/span><\/label><input type=\"email\" id=\"wpforms-1611-field_2\" class=\"wpforms-field-large wpforms-field-required\" name=\"wpforms[fields][2]\" spellcheck=\"false\" required><\/div><div id=\"wpforms-1611-field_3-container\" class=\"wpforms-field wpforms-field-phone\" data-field-id=\"3\"><label class=\"wpforms-field-label\" for=\"wpforms-1611-field_3\">Telefoonnummer <span class=\"wpforms-required-label\">*<\/span><\/label><input type=\"tel\" id=\"wpforms-1611-field_3\" class=\"wpforms-field-large wpforms-field-required\" data-rule-int-phone-field=\"true\" name=\"wpforms[fields][3]\" aria-label=\"Telefoonnummer\" required><\/div><div id=\"wpforms-1611-field_4-container\" class=\"wpforms-field wpforms-field-textarea\" data-field-id=\"4\"><label class=\"wpforms-field-label\" for=\"wpforms-1611-field_4\">Bericht<\/label><textarea id=\"wpforms-1611-field_4\" class=\"wpforms-field-medium\" name=\"wpforms[fields][4]\" ><\/textarea><\/div><script>\n\t\t\t\t( function() {\n\t\t\t\t\tconst style = document.createElement( 'style' );\n\t\t\t\t\tstyle.appendChild( document.createTextNode( '#wpforms-1611-field_7-container { position: absolute !important; overflow: hidden !important; display: inline !important; height: 1px !important; width: 1px !important; z-index: -1000 !important; padding: 0 !important; } #wpforms-1611-field_7-container input { visibility: hidden; } #wpforms-conversational-form-page #wpforms-1611-field_7-container label { counter-increment: none; }' ) );\n\t\t\t\t\tdocument.head.appendChild( style );\n\t\t\t\t\tdocument.currentScript?.remove();\n\t\t\t\t} )();\n\t\t\t<\/script><\/div><!-- .wpforms-field-container --><div class=\"wpforms-recaptcha-container wpforms-is-recaptcha wpforms-is-recaptcha-type-v3\" ><input type=\"hidden\" name=\"wpforms[recaptcha]\" value=\"\"><\/div><div class=\"wpforms-submit-container\" ><input type=\"hidden\" name=\"wpforms[id]\" value=\"1611\"><input type=\"hidden\" name=\"page_title\" value=\"\"><input type=\"hidden\" name=\"page_url\" value=\"https:\/\/www.geba.nl\/de\/wp-json\/wp\/v2\/pages\/1203\"><input type=\"hidden\" name=\"url_referer\" value=\"\"><button type=\"submit\" name=\"wpforms[submit]\" id=\"wpforms-submit-1611\" class=\"wpforms-submit\" data-alt-text=\"Verzenden\" data-submit-text=\"Verzenden\" aria-live=\"assertive\" value=\"wpforms-submit\">Verzenden<\/button><img decoding=\"async\" src=\"https:\/\/www.geba.nl\/wp-content\/plugins\/wpforms\/assets\/images\/submit-spin.svg\" class=\"wpforms-submit-spinner\" style=\"display: none;\" width=\"26\" height=\"26\" alt=\"Loading\"><\/div><\/form><\/div>  <!-- .wpforms-container -->\t\t\t\t<\/div>\n\t\t\t\t<\/div>\n\t\t\t\t<\/div>\n\t\t<div class=\"elementor-element elementor-element-bacf945 e-con-full e-flex e-con e-child\" data-id=\"bacf945\" data-element_type=\"container\" data-e-type=\"container\">\n\t\t<div class=\"elementor-element elementor-element-00eda63 e-con-full e-flex e-con e-child\" data-id=\"00eda63\" data-element_type=\"container\" data-e-type=\"container\">\n\t\t\t\t<div class=\"elementor-element elementor-element-982f444 elementor-widget elementor-widget-heading\" data-id=\"982f444\" data-element_type=\"widget\" data-e-type=\"widget\" data-widget_type=\"heading.default\">\n\t\t\t\t<div class=\"elementor-widget-container\">\n\t\t\t\t\t<h3 class=\"elementor-heading-title elementor-size-default\">Contactgegevens<\/h3>\t\t\t\t<\/div>\n\t\t\t\t<\/div>\n\t\t\t\t<div class=\"elementor-element elementor-element-52ef03f elementor-widget elementor-widget-text-editor\" data-id=\"52ef03f\" data-element_type=\"widget\" data-e-type=\"widget\" data-widget_type=\"text-editor.default\">\n\t\t\t\t<div class=\"elementor-widget-container\">\n\t\t\t\t\t\t\t\t\t<p class=\"p1\"><span class=\"s1\">Bovensteweg 48<br \/><\/span><span class=\"s1\">6585KD, Mook<br \/><\/span><span class=\"s1\">Postbus 2, 6580 AA Malden<\/span><\/p>\t\t\t\t\t\t\t\t<\/div>\n\t\t\t\t<\/div>\n\t\t\t\t<div class=\"elementor-element elementor-element-02a4667 elementor-widget elementor-widget-html\" data-id=\"02a4667\" data-element_type=\"widget\" data-e-type=\"widget\" data-widget_type=\"html.default\">\n\t\t\t\t<div class=\"elementor-widget-container\">\n\t\t\t\t\tT <a style=\"color: #4db16f;\" href=\"tel:+31246963220\">+31 (0)24 696 32 20<\/a><br \/>\nE <a style=\"color: #4db16f;\" href=\"mailto:verhuur@geba.nl\">verhuur@geba.nl<\/a><br \/><br \/>\t\t\t\t<\/div>\n\t\t\t\t<\/div>\n\t\t\t\t<div class=\"elementor-element elementor-element-2f5470a elementor-widget elementor-widget-text-editor\" data-id=\"2f5470a\" data-element_type=\"widget\" data-e-type=\"widget\" data-widget_type=\"text-editor.default\">\n\t\t\t\t<div class=\"elementor-widget-container\">\n\t\t\t\t\t\t\t\t\t<h4>Klantenservice<\/h4><p class=\"p1\">Voor ondersteuning en vragen kunt u ons 24\/7 bereiken via ons klantenservicenummer.<\/p>\t\t\t\t\t\t\t\t<\/div>\n\t\t\t\t<\/div>\n\t\t\t\t<div class=\"elementor-element elementor-element-6e15689 elementor-widget elementor-widget-text-editor\" data-id=\"6e15689\" data-element_type=\"widget\" data-e-type=\"widget\" data-widget_type=\"text-editor.default\">\n\t\t\t\t<div class=\"elementor-widget-container\">\n\t\t\t\t\t\t\t\t\t<h4 class=\"p1\">Volg ons op social media<\/h4><p class=\"p1\">Blijf op de hoogte van ons laatste nieuws en ontwikkelingen via onze sociale mediakanalen.<\/p>\t\t\t\t\t\t\t\t<\/div>\n\t\t\t\t<\/div>\n\t\t<div class=\"elementor-element elementor-element-06c2075 e-con-full e-flex e-con e-child\" data-id=\"06c2075\" data-element_type=\"container\" data-e-type=\"container\">\n\t\t\t\t<div class=\"elementor-element elementor-element-b52842e elementor-widget elementor-widget-image\" data-id=\"b52842e\" data-element_type=\"widget\" data-e-type=\"widget\" data-widget_type=\"image.default\">\n\t\t\t\t<div class=\"elementor-widget-container\">\n\t\t\t\t\t\t\t\t\t\t\t\t\t\t\t\t<a href=\"https:\/\/www.linkedin.com\/company\/geba-verhuur\/\" target=\"_blank\">\n\t\t\t\t\t\t\t<img fetchpriority=\"high\" decoding=\"async\" width=\"800\" height=\"800\" src=\"https:\/\/www.geba.nl\/wp-content\/uploads\/2024\/10\/linkedin-logo-fill-dark.svg\" class=\"attachment-large size-large wp-image-1614\" alt=\"\" \/>\t\t\t\t\t\t\t\t<\/a>\n\t\t\t\t\t\t\t\t\t\t\t\t\t\t\t<\/div>\n\t\t\t\t<\/div>\n\t\t\t\t<div class=\"elementor-element elementor-element-7be1919 elementor-widget elementor-widget-image\" data-id=\"7be1919\" data-element_type=\"widget\" data-e-type=\"widget\" data-widget_type=\"image.default\">\n\t\t\t\t<div class=\"elementor-widget-container\">\n\t\t\t\t\t\t\t\t\t\t\t\t\t\t\t\t<a href=\"https:\/\/www.facebook.com\/GebaVerhuur\/\" target=\"_blank\">\n\t\t\t\t\t\t\t<img decoding=\"async\" width=\"800\" height=\"800\" src=\"https:\/\/www.geba.nl\/wp-content\/uploads\/2024\/10\/facebook-logo-fill-dark.svg\" class=\"attachment-large size-large wp-image-1615\" alt=\"\" \/>\t\t\t\t\t\t\t\t<\/a>\n\t\t\t\t\t\t\t\t\t\t\t\t\t\t\t<\/div>\n\t\t\t\t<\/div>\n\t\t\t\t<\/div>\n\t\t\t\t<\/div>\n\t\t\t\t<\/div>\n\t\t\t\t<\/div>\n\t\t\t\t\t<\/div>\n\t\t\t\t<\/div>\n\t\t\t\t<\/div>\n\t\t","protected":false},"excerpt":{"rendered":"<p>Contact opnemen Heeft u vragen, opmerkingen of wilt u meer informatie over onze diensten? Bij GEBA staan we altijd voor u klaar. Of het nu gaat om het huren van machines, ondersteunen bij uw projecten of informatie over onze innovatieve, emissievrije oplossingen &#8211; ons team is er om u te helpen.\u00c2\u00a0 Contactformulier Op zoek naar [&hellip;]<\/p>\n","protected":false},"author":1,"featured_media":0,"parent":0,"menu_order":0,"comment_status":"closed","ping_status":"closed","template":"elementor_theme","meta":{"inline_featured_image":false,"footnotes":""},"class_list":["post-1203","page","type-page","status-publish","hentry"],"yoast_head":"<!-- This site is optimized with the Yoast SEO plugin v27.3 - https:\/\/yoast.com\/product\/yoast-seo-wordpress\/ -->\n<title>Contact - GEBA | Green Road Machinery<\/title>\n<meta name=\"description\" content=\"Machines huren, ondersteuning bij infraprojecten of sparren over emissievrije oplossingen? Ons GEBA team geeft u graag gericht advies.\" \/>\n<meta name=\"robots\" content=\"index, follow, max-snippet:-1, max-image-preview:large, max-video-preview:-1\" \/>\n<link rel=\"canonical\" href=\"https:\/\/www.geba.nl\/de\/kontakt\/\" \/>\n<meta property=\"og:locale\" content=\"de_DE\" \/>\n<meta property=\"og:type\" content=\"article\" \/>\n<meta property=\"og:title\" content=\"Contact - GEBA | Green Road Machinery\" \/>\n<meta property=\"og:description\" content=\"Machines huren, ondersteuning bij infraprojecten of sparren over emissievrije oplossingen? Ons GEBA team geeft u graag gericht advies.\" \/>\n<meta property=\"og:url\" content=\"https:\/\/www.geba.nl\/de\/kontakt\/\" \/>\n<meta property=\"og:site_name\" content=\"GEBA | Green Road Machinery\" \/>\n<meta property=\"article:modified_time\" content=\"2025-01-20T11:18:14+00:00\" \/>\n<meta property=\"og:image\" content=\"https:\/\/www.geba.nl\/wp-content\/plugins\/wpforms\/assets\/images\/submit-spin.svg\" \/>\n<meta name=\"twitter:card\" content=\"summary_large_image\" \/>\n<meta name=\"twitter:label1\" content=\"Gesch\u00e4tzte Lesezeit\" \/>\n\t<meta name=\"twitter:data1\" content=\"2\u00a0Minuten\" \/>\n<script type=\"application\/ld+json\" class=\"yoast-schema-graph\">{\"@context\":\"https:\\\/\\\/schema.org\",\"@graph\":[{\"@type\":\"WebPage\",\"@id\":\"https:\\\/\\\/www.geba.nl\\\/contact\\\/\",\"url\":\"https:\\\/\\\/www.geba.nl\\\/contact\\\/\",\"name\":\"Contact - GEBA | Green Road Machinery\",\"isPartOf\":{\"@id\":\"https:\\\/\\\/www.geba.nl\\\/#website\"},\"primaryImageOfPage\":{\"@id\":\"https:\\\/\\\/www.geba.nl\\\/contact\\\/#primaryimage\"},\"image\":{\"@id\":\"https:\\\/\\\/www.geba.nl\\\/contact\\\/#primaryimage\"},\"thumbnailUrl\":\"https:\\\/\\\/www.geba.nl\\\/wp-content\\\/plugins\\\/wpforms\\\/assets\\\/images\\\/submit-spin.svg\",\"datePublished\":\"2024-10-15T09:12:05+00:00\",\"dateModified\":\"2025-01-20T11:18:14+00:00\",\"description\":\"Machines huren, ondersteuning bij infraprojecten of sparren over emissievrije oplossingen? Ons GEBA team geeft u graag gericht advies.\",\"breadcrumb\":{\"@id\":\"https:\\\/\\\/www.geba.nl\\\/contact\\\/#breadcrumb\"},\"inLanguage\":\"de\",\"potentialAction\":[{\"@type\":\"ReadAction\",\"target\":[\"https:\\\/\\\/www.geba.nl\\\/contact\\\/\"]}]},{\"@type\":\"ImageObject\",\"inLanguage\":\"de\",\"@id\":\"https:\\\/\\\/www.geba.nl\\\/contact\\\/#primaryimage\",\"url\":\"https:\\\/\\\/www.geba.nl\\\/wp-content\\\/plugins\\\/wpforms\\\/assets\\\/images\\\/submit-spin.svg\",\"contentUrl\":\"https:\\\/\\\/www.geba.nl\\\/wp-content\\\/plugins\\\/wpforms\\\/assets\\\/images\\\/submit-spin.svg\"},{\"@type\":\"BreadcrumbList\",\"@id\":\"https:\\\/\\\/www.geba.nl\\\/contact\\\/#breadcrumb\",\"itemListElement\":[{\"@type\":\"ListItem\",\"position\":1,\"name\":\"Home\",\"item\":\"https:\\\/\\\/www.geba.nl\\\/\"},{\"@type\":\"ListItem\",\"position\":2,\"name\":\"Contact\"}]},{\"@type\":\"WebSite\",\"@id\":\"https:\\\/\\\/www.geba.nl\\\/#website\",\"url\":\"https:\\\/\\\/www.geba.nl\\\/\",\"name\":\"GEBA | Green Road Machinery\",\"description\":\"De toekomst van wegenbouw\",\"publisher\":{\"@id\":\"https:\\\/\\\/www.geba.nl\\\/#organization\"},\"potentialAction\":[{\"@type\":\"SearchAction\",\"target\":{\"@type\":\"EntryPoint\",\"urlTemplate\":\"https:\\\/\\\/www.geba.nl\\\/?s={search_term_string}\"},\"query-input\":{\"@type\":\"PropertyValueSpecification\",\"valueRequired\":true,\"valueName\":\"search_term_string\"}}],\"inLanguage\":\"de\"},{\"@type\":\"Organization\",\"@id\":\"https:\\\/\\\/www.geba.nl\\\/#organization\",\"name\":\"GEBA | Green Road Machinery\",\"url\":\"https:\\\/\\\/www.geba.nl\\\/\",\"logo\":{\"@type\":\"ImageObject\",\"inLanguage\":\"de\",\"@id\":\"https:\\\/\\\/www.geba.nl\\\/#\\\/schema\\\/logo\\\/image\\\/\",\"url\":\"https:\\\/\\\/www.geba.nl\\\/wp-content\\\/uploads\\\/2024\\\/10\\\/logo.svg\",\"contentUrl\":\"https:\\\/\\\/www.geba.nl\\\/wp-content\\\/uploads\\\/2024\\\/10\\\/logo.svg\",\"width\":756,\"height\":180,\"caption\":\"GEBA | Green Road Machinery\"},\"image\":{\"@id\":\"https:\\\/\\\/www.geba.nl\\\/#\\\/schema\\\/logo\\\/image\\\/\"}}]}<\/script>\n<!-- \/ Yoast SEO plugin. -->","yoast_head_json":{"title":"Kontakt - GEBA | Gr\u00fcne Stra\u00dfenmaschinen","description":"Maschinen mieten, Unterst\u00fctzung bei Infrastrukturprojekten oder sich \u00fcber emissionsfreie L\u00f6sungen austauschen? Unser GEBA-Team ber\u00e4t Sie gerne gezielt.","robots":{"index":"index","follow":"follow","max-snippet":"max-snippet:-1","max-image-preview":"max-image-preview:large","max-video-preview":"max-video-preview:-1"},"canonical":"https:\/\/www.geba.nl\/de\/kontakt\/","og_locale":"de_DE","og_type":"article","og_title":"Contact - GEBA | Green Road Machinery","og_description":"Machines huren, ondersteuning bij infraprojecten of sparren over emissievrije oplossingen? Ons GEBA team geeft u graag gericht advies.","og_url":"https:\/\/www.geba.nl\/de\/kontakt\/","og_site_name":"GEBA | Green Road Machinery","article_modified_time":"2025-01-20T11:18:14+00:00","og_image":[{"url":"https:\/\/www.geba.nl\/wp-content\/plugins\/wpforms\/assets\/images\/submit-spin.svg","type":"","width":"","height":""}],"twitter_card":"summary_large_image","twitter_misc":{"Gesch\u00e4tzte Lesezeit":"2\u00a0Minuten"},"schema":{"@context":"https:\/\/schema.org","@graph":[{"@type":"WebPage","@id":"https:\/\/www.geba.nl\/contact\/","url":"https:\/\/www.geba.nl\/contact\/","name":"Kontakt - GEBA | Gr\u00fcne Stra\u00dfenmaschinen","isPartOf":{"@id":"https:\/\/www.geba.nl\/#website"},"primaryImageOfPage":{"@id":"https:\/\/www.geba.nl\/contact\/#primaryimage"},"image":{"@id":"https:\/\/www.geba.nl\/contact\/#primaryimage"},"thumbnailUrl":"https:\/\/www.geba.nl\/wp-content\/plugins\/wpforms\/assets\/images\/submit-spin.svg","datePublished":"2024-10-15T09:12:05+00:00","dateModified":"2025-01-20T11:18:14+00:00","description":"Maschinen mieten, Unterst\u00fctzung bei Infrastrukturprojekten oder sich \u00fcber emissionsfreie L\u00f6sungen austauschen? Unser GEBA-Team ber\u00e4t Sie gerne gezielt.","breadcrumb":{"@id":"https:\/\/www.geba.nl\/contact\/#breadcrumb"},"inLanguage":"de","potentialAction":[{"@type":"ReadAction","target":["https:\/\/www.geba.nl\/contact\/"]}]},{"@type":"ImageObject","inLanguage":"de","@id":"https:\/\/www.geba.nl\/contact\/#primaryimage","url":"https:\/\/www.geba.nl\/wp-content\/plugins\/wpforms\/assets\/images\/submit-spin.svg","contentUrl":"https:\/\/www.geba.nl\/wp-content\/plugins\/wpforms\/assets\/images\/submit-spin.svg"},{"@type":"BreadcrumbList","@id":"https:\/\/www.geba.nl\/contact\/#breadcrumb","itemListElement":[{"@type":"ListItem","position":1,"name":"Home","item":"https:\/\/www.geba.nl\/"},{"@type":"ListItem","position":2,"name":"Contact"}]},{"@type":"WebSite","@id":"https:\/\/www.geba.nl\/#website","url":"https:\/\/www.geba.nl\/","name":"GEBA | Gr\u00fcne Stra\u00dfenmaschinen","description":"Die Zukunft des Stra\u00dfenbaus","publisher":{"@id":"https:\/\/www.geba.nl\/#organization"},"potentialAction":[{"@type":"SearchAction","target":{"@type":"EntryPoint","urlTemplate":"https:\/\/www.geba.nl\/?s={search_term_string}"},"query-input":{"@type":"PropertyValueSpecification","valueRequired":true,"valueName":"search_term_string"}}],"inLanguage":"de"},{"@type":"Organization","@id":"https:\/\/www.geba.nl\/#organization","name":"GEBA | Gr\u00fcne Stra\u00dfenmaschinen","url":"https:\/\/www.geba.nl\/","logo":{"@type":"ImageObject","inLanguage":"de","@id":"https:\/\/www.geba.nl\/#\/schema\/logo\/image\/","url":"https:\/\/www.geba.nl\/wp-content\/uploads\/2024\/10\/logo.svg","contentUrl":"https:\/\/www.geba.nl\/wp-content\/uploads\/2024\/10\/logo.svg","width":756,"height":180,"caption":"GEBA | Green Road Machinery"},"image":{"@id":"https:\/\/www.geba.nl\/#\/schema\/logo\/image\/"}}]}},"_links":{"self":[{"href":"https:\/\/www.geba.nl\/de\/wp-json\/wp\/v2\/pages\/1203","targetHints":{"allow":["GET"]}}],"collection":[{"href":"https:\/\/www.geba.nl\/de\/wp-json\/wp\/v2\/pages"}],"about":[{"href":"https:\/\/www.geba.nl\/de\/wp-json\/wp\/v2\/types\/page"}],"author":[{"embeddable":true,"href":"https:\/\/www.geba.nl\/de\/wp-json\/wp\/v2\/users\/1"}],"replies":[{"embeddable":true,"href":"https:\/\/www.geba.nl\/de\/wp-json\/wp\/v2\/comments?post=1203"}],"version-history":[{"count":5,"href":"https:\/\/www.geba.nl\/de\/wp-json\/wp\/v2\/pages\/1203\/revisions"}],"predecessor-version":[{"id":3797,"href":"https:\/\/www.geba.nl\/de\/wp-json\/wp\/v2\/pages\/1203\/revisions\/3797"}],"wp:attachment":[{"href":"https:\/\/www.geba.nl\/de\/wp-json\/wp\/v2\/media?parent=1203"}],"curies":[{"name":"wp","href":"https:\/\/api.w.org\/{rel}","templated":true}]}}